{"id":6782,"date":"2025-03-09T17:58:59","date_gmt":"2025-03-09T16:58:59","guid":{"rendered":"https:\/\/plantio.neoncloud.com.es\/?page_id=6782"},"modified":"2025-03-10T09:21:25","modified_gmt":"2025-03-10T08:21:25","slug":"comedor","status":"publish","type":"page","link":"https:\/\/plantio.neoncloud.com.es\/en\/comedor\/","title":{"rendered":"Dining room"},"content":{"rendered":"<div data-elementor-type=\"wp-page\" data-elementor-id=\"6782\" class=\"elementor elementor-6782\" data-elementor-post-type=\"page\">\n\t\t\t\t<div class=\"elementor-element elementor-element-4631e5b e-con-full e-flex e-con e-parent\" data-id=\"4631e5b\" data-element_type=\"container\" data-e-type=\"container\" data-settings=\"{&quot;background_background&quot;:&quot;video&quot;,&quot;background_video_link&quot;:&quot;https:\\\/\\\/plantio.neoncloud.com.es\\\/wp-content\\\/uploads\\\/2025\\\/03\\\/comedor-buffet.mp4&quot;}\">\n\t\t<div class=\"elementor-background-video-container elementor-hidden-mobile\">\n\t\t\t\t\t\t\t<video class=\"elementor-background-video-hosted\" role=\"presentation\" autoplay muted playsinline loop><\/video>\n\t\t\t\t\t<\/div>\t\t<div class=\"elementor-element elementor-element-f27edcf elementor-widget elementor-widget-heading\" data-id=\"f27edcf\" data-element_type=\"widget\" data-e-type=\"widget\" data-widget_type=\"heading.default\">\n\t\t\t\t<div class=\"elementor-widget-container\">\n\t\t\t\t\t<h2 class=\"elementor-heading-title elementor-size-default\">Feeding<\/h2>\t\t\t\t<\/div>\n\t\t\t\t<\/div>\n\t\t\t\t<\/div>\n\t\t<div class=\"elementor-element elementor-element-f99fc06 e-flex e-con-boxed e-con e-parent\" data-id=\"f99fc06\" data-element_type=\"container\" data-e-type=\"container\">\n\t\t\t\t\t<div class=\"e-con-inner\">\n\t\t<div class=\"elementor-element elementor-element-8d04668 e-con-full e-flex e-con e-child\" data-id=\"8d04668\" data-element_type=\"container\" data-e-type=\"container\">\n\t\t\t\t<div class=\"elementor-element elementor-element-28f19ed elementor-widget elementor-widget-spacer\" data-id=\"28f19ed\" data-element_type=\"widget\" data-e-type=\"widget\" data-widget_type=\"spacer.default\">\n\t\t\t\t<div class=\"elementor-widget-container\">\n\t\t\t\t\t\t\t<div class=\"elementor-spacer\">\n\t\t\t<div class=\"elementor-spacer-inner\"><\/div>\n\t\t<\/div>\n\t\t\t\t\t\t<\/div>\n\t\t\t\t<\/div>\n\t\t\t\t<div class=\"elementor-element elementor-element-dce84f7 elementor-position-top elementor-widget elementor-widget-image-box\" data-id=\"dce84f7\" data-element_type=\"widget\" data-e-type=\"widget\" data-widget_type=\"image-box.default\">\n\t\t\t\t<div class=\"elementor-widget-container\">\n\t\t\t\t\t<div class=\"elementor-image-box-wrapper\"><figure class=\"elementor-image-box-img\"><a href=\"https:\/\/plantio.neoncloud.com.es\/wp-content\/uploads\/2025\/03\/MINUTA_ESP_MARZO.pdf\" tabindex=\"-1\"><img decoding=\"async\" src=\"https:\/\/plantio.neoncloud.com.es\/wp-content\/uploads\/2025\/03\/MENU.svg\" class=\"attachment-full size-full wp-image-6787\" alt=\"\" \/><\/a><\/figure><div class=\"elementor-image-box-content\"><h3 class=\"elementor-image-box-title\"><a href=\"https:\/\/plantio.neoncloud.com.es\/wp-content\/uploads\/2025\/03\/MINUTA_ESP_MARZO.pdf\">Daily Menu<br><\/a><\/h3><\/div><\/div>\t\t\t\t<\/div>\n\t\t\t\t<\/div>\n\t\t\t\t<\/div>\n\t\t<div class=\"elementor-element elementor-element-02e638e e-con-full e-flex e-con e-child\" data-id=\"02e638e\" data-element_type=\"container\" data-e-type=\"container\">\n\t\t\t\t<div class=\"elementor-element elementor-element-6ccdf06 elementor-widget elementor-widget-spacer\" data-id=\"6ccdf06\" data-element_type=\"widget\" data-e-type=\"widget\" data-widget_type=\"spacer.default\">\n\t\t\t\t<div class=\"elementor-widget-container\">\n\t\t\t\t\t\t\t<div class=\"elementor-spacer\">\n\t\t\t<div class=\"elementor-spacer-inner\"><\/div>\n\t\t<\/div>\n\t\t\t\t\t\t<\/div>\n\t\t\t\t<\/div>\n\t\t\t\t<div class=\"elementor-element elementor-element-8d2dc67 elementor-position-top elementor-widget elementor-widget-image-box\" data-id=\"8d2dc67\" data-element_type=\"widget\" data-e-type=\"widget\" data-widget_type=\"image-box.default\">\n\t\t\t\t<div class=\"elementor-widget-container\">\n\t\t\t\t\t<div class=\"elementor-image-box-wrapper\"><figure class=\"elementor-image-box-img\"><a href=\"https:\/\/plantio.neoncloud.com.es\/wp-content\/uploads\/2025\/03\/BUFFET_ESP.pdf\" tabindex=\"-1\"><img decoding=\"async\" src=\"https:\/\/plantio.neoncloud.com.es\/wp-content\/uploads\/2025\/03\/BUFE.svg\" class=\"attachment-full size-full wp-image-6786\" alt=\"\" \/><\/a><\/figure><div class=\"elementor-image-box-content\"><h3 class=\"elementor-image-box-title\"><a href=\"https:\/\/plantio.neoncloud.com.es\/wp-content\/uploads\/2025\/03\/BUFFET_ESP.pdf\">Buffet <\/a><\/h3><\/div><\/div>\t\t\t\t<\/div>\n\t\t\t\t<\/div>\n\t\t\t\t<\/div>\n\t\t<div class=\"elementor-element elementor-element-8c723c0 e-con-full e-flex e-con e-child\" data-id=\"8c723c0\" data-element_type=\"container\" data-e-type=\"container\">\n\t\t\t\t<div class=\"elementor-element elementor-element-84c5721 elementor-view-default elementor-widget elementor-widget-icon\" data-id=\"84c5721\" data-element_type=\"widget\" data-e-type=\"widget\" data-widget_type=\"icon.default\">\n\t\t\t\t<div class=\"elementor-widget-container\">\n\t\t\t\t\t\t\t<div class=\"elementor-icon-wrapper\">\n\t\t\t<a class=\"elementor-icon\" href=\"https:\/\/plantio.neoncloud.com.es\/wp-content\/uploads\/2025\/03\/MINUTA_ESP_MARZO.pdf\">\n\t\t\t<svg aria-hidden=\"true\" class=\"e-font-icon-svg e-far-file-pdf\" viewbox=\"0 0 384 512\" xmlns=\"http:\/\/www.w3.org\/2000\/svg\"><path d=\"M369.9 97.9L286 14C277 5 264.8-.1 252.1-.1H48C21.5 0 0 21.5 0 48v416c0 26.5 21.5 48 48 48h288c26.5 0 48-21.5 48-48V131.9c0-12.7-5.1-25-14.1-34zM332.1 128H256V51.9l76.1 76.1zM48 464V48h160v104c0 13.3 10.7 24 24 24h104v288H48zm250.2-143.7c-12.2-12-47-8.7-64.4-6.5-17.2-10.5-28.7-25-36.8-46.3 3.9-16.1 10.1-40.6 5.4-56-4.2-26.2-37.8-23.6-42.6-5.9-4.4 16.1-.4 38.5 7 67.1-10 23.9-24.9 56-35.4 74.4-20 10.3-47 26.2-51 46.2-3.3 15.8 26 55.2 76.1-31.2 22.4-7.4 46.8-16.5 68.4-20.1 18.9 10.2 41 17 55.8 17 25.5 0 28-28.2 17.5-38.7zm-198.1 77.8c5.1-13.7 24.5-29.5 30.4-35-19 30.3-30.4 35.7-30.4 35zm81.6-190.6c7.4 0 6.7 32.1 1.8 40.8-4.4-13.9-4.3-40.8-1.8-40.8zm-24.4 136.6c9.7-16.9 18-37 24.7-54.7 8.3 15.1 18.9 27.2 30.1 35.5-20.8 4.3-38.9 13.1-54.8 19.2zm131.6-5s-5 6-37.3-7.8c35.1-2.6 40.9 5.4 37.3 7.8z\"><\/path><\/svg>\t\t\t<\/a>\n\t\t<\/div>\n\t\t\t\t\t\t<\/div>\n\t\t\t\t<\/div>\n\t\t\t\t<\/div>\n\t\t<div class=\"elementor-element elementor-element-2dd9254 e-con-full e-flex e-con e-child\" data-id=\"2dd9254\" data-element_type=\"container\" data-e-type=\"container\">\n\t\t\t\t<div class=\"elementor-element elementor-element-4a97af5 elementor-view-default elementor-widget elementor-widget-icon\" data-id=\"4a97af5\" data-element_type=\"widget\" data-e-type=\"widget\" data-widget_type=\"icon.default\">\n\t\t\t\t<div class=\"elementor-widget-container\">\n\t\t\t\t\t\t\t<div class=\"elementor-icon-wrapper\">\n\t\t\t<a class=\"elementor-icon\" href=\"https:\/\/plantio.neoncloud.com.es\/wp-content\/uploads\/2025\/03\/BUFFET_ESP.pdf\">\n\t\t\t<svg aria-hidden=\"true\" class=\"e-font-icon-svg e-far-file-pdf\" viewbox=\"0 0 384 512\" xmlns=\"http:\/\/www.w3.org\/2000\/svg\"><path d=\"M369.9 97.9L286 14C277 5 264.8-.1 252.1-.1H48C21.5 0 0 21.5 0 48v416c0 26.5 21.5 48 48 48h288c26.5 0 48-21.5 48-48V131.9c0-12.7-5.1-25-14.1-34zM332.1 128H256V51.9l76.1 76.1zM48 464V48h160v104c0 13.3 10.7 24 24 24h104v288H48zm250.2-143.7c-12.2-12-47-8.7-64.4-6.5-17.2-10.5-28.7-25-36.8-46.3 3.9-16.1 10.1-40.6 5.4-56-4.2-26.2-37.8-23.6-42.6-5.9-4.4 16.1-.4 38.5 7 67.1-10 23.9-24.9 56-35.4 74.4-20 10.3-47 26.2-51 46.2-3.3 15.8 26 55.2 76.1-31.2 22.4-7.4 46.8-16.5 68.4-20.1 18.9 10.2 41 17 55.8 17 25.5 0 28-28.2 17.5-38.7zm-198.1 77.8c5.1-13.7 24.5-29.5 30.4-35-19 30.3-30.4 35.7-30.4 35zm81.6-190.6c7.4 0 6.7 32.1 1.8 40.8-4.4-13.9-4.3-40.8-1.8-40.8zm-24.4 136.6c9.7-16.9 18-37 24.7-54.7 8.3 15.1 18.9 27.2 30.1 35.5-20.8 4.3-38.9 13.1-54.8 19.2zm131.6-5s-5 6-37.3-7.8c35.1-2.6 40.9 5.4 37.3 7.8z\"><\/path><\/svg>\t\t\t<\/a>\n\t\t<\/div>\n\t\t\t\t\t\t<\/div>\n\t\t\t\t<\/div>\n\t\t\t\t<\/div>\n\t\t\t\t\t<\/div>\n\t\t\t\t<\/div>\n\t\t<div class=\"elementor-element elementor-element-2d6bfef4 e-flex e-con-boxed e-con e-parent\" data-id=\"2d6bfef4\" data-element_type=\"container\" data-e-type=\"container\">\n\t\t\t\t\t<div class=\"e-con-inner\">\n\t\t\t\t<div class=\"elementor-element elementor-element-38d7412 elementor-widget elementor-widget-spacer\" data-id=\"38d7412\" data-element_type=\"widget\" data-e-type=\"widget\" data-widget_type=\"spacer.default\">\n\t\t\t\t<div class=\"elementor-widget-container\">\n\t\t\t\t\t\t\t<div class=\"elementor-spacer\">\n\t\t\t<div class=\"elementor-spacer-inner\"><\/div>\n\t\t<\/div>\n\t\t\t\t\t\t<\/div>\n\t\t\t\t<\/div>\n\t\t\t\t<div class=\"elementor-element elementor-element-bc2531c elementor-widget elementor-widget-text-editor\" data-id=\"bc2531c\" data-element_type=\"widget\" data-e-type=\"widget\" data-widget_type=\"text-editor.default\">\n\t\t\t\t<div class=\"elementor-widget-container\">\n\t\t\t\t\t\t\t\t\t<p style=\"text-align: center;\"><span style=\"font-size: 24px; color: #000000; line-height: 32px; font-family: Open sans;\">We have a menu <strong>Muslim menu and vegetarian menu<\/strong> prepared daily.<\/span><\/p><p style=\"text-align: center;\"><span style=\"font-size: 24px; color: #000000; line-height: 32px; font-family: Open sans;\">For more information, please do not hesitate to contact the center.<\/span><\/p>\t\t\t\t\t\t\t\t<\/div>\n\t\t\t\t<\/div>\n\t\t\t\t<div class=\"elementor-element elementor-element-e2177c9 elementor-widget elementor-widget-image\" data-id=\"e2177c9\" data-element_type=\"widget\" data-e-type=\"widget\" data-widget_type=\"image.default\">\n\t\t\t\t<div class=\"elementor-widget-container\">\n\t\t\t\t\t\t\t\t\t\t\t\t\t\t\t<img fetchpriority=\"high\" decoding=\"async\" width=\"1536\" height=\"542\" src=\"https:\/\/plantio.neoncloud.com.es\/wp-content\/uploads\/2025\/03\/comedor-02-1536x542.jpg\" class=\"attachment-1536x1536 size-1536x1536 wp-image-6796\" alt=\"\" srcset=\"https:\/\/plantio.neoncloud.com.es\/wp-content\/uploads\/2025\/03\/comedor-02-1536x542.jpg 1536w, https:\/\/plantio.neoncloud.com.es\/wp-content\/uploads\/2025\/03\/comedor-02-300x106.jpg 300w, https:\/\/plantio.neoncloud.com.es\/wp-content\/uploads\/2025\/03\/comedor-02-1024x361.jpg 1024w, https:\/\/plantio.neoncloud.com.es\/wp-content\/uploads\/2025\/03\/comedor-02-768x271.jpg 768w, https:\/\/plantio.neoncloud.com.es\/wp-content\/uploads\/2025\/03\/comedor-02.jpg 1800w\" sizes=\"(max-width: 1536px) 100vw, 1536px\" \/>\t\t\t\t\t\t\t\t\t\t\t\t\t\t\t<\/div>\n\t\t\t\t<\/div>\n\t\t\t\t<div class=\"elementor-element elementor-element-508fe6b elementor-widget elementor-widget-spacer\" data-id=\"508fe6b\" data-element_type=\"widget\" data-e-type=\"widget\" data-widget_type=\"spacer.default\">\n\t\t\t\t<div class=\"elementor-widget-container\">\n\t\t\t\t\t\t\t<div class=\"elementor-spacer\">\n\t\t\t<div class=\"elementor-spacer-inner\"><\/div>\n\t\t<\/div>\n\t\t\t\t\t\t<\/div>\n\t\t\t\t<\/div>\n\t\t\t\t<div class=\"elementor-element elementor-element-f92e91c elementor-widget elementor-widget-spacer\" data-id=\"f92e91c\" data-element_type=\"widget\" data-e-type=\"widget\" data-widget_type=\"spacer.default\">\n\t\t\t\t<div class=\"elementor-widget-container\">\n\t\t\t\t\t\t\t<div class=\"elementor-spacer\">\n\t\t\t<div class=\"elementor-spacer-inner\"><\/div>\n\t\t<\/div>\n\t\t\t\t\t\t<\/div>\n\t\t\t\t<\/div>\n\t\t\t\t<div class=\"elementor-element elementor-element-40f2174 elementor-widget elementor-widget-gallery\" data-id=\"40f2174\" data-element_type=\"widget\" data-e-type=\"widget\" data-settings=\"{&quot;gap&quot;:{&quot;unit&quot;:&quot;px&quot;,&quot;size&quot;:20,&quot;sizes&quot;:[]},&quot;lazyload&quot;:&quot;yes&quot;,&quot;gallery_layout&quot;:&quot;grid&quot;,&quot;columns&quot;:4,&quot;columns_tablet&quot;:2,&quot;columns_mobile&quot;:1,&quot;gap_tablet&quot;:{&quot;unit&quot;:&quot;px&quot;,&quot;size&quot;:10,&quot;sizes&quot;:[]},&quot;gap_mobile&quot;:{&quot;unit&quot;:&quot;px&quot;,&quot;size&quot;:10,&quot;sizes&quot;:[]},&quot;link_to&quot;:&quot;file&quot;,&quot;aspect_ratio&quot;:&quot;3:2&quot;,&quot;overlay_background&quot;:&quot;yes&quot;,&quot;content_hover_animation&quot;:&quot;fade-in&quot;}\" data-widget_type=\"gallery.default\">\n\t\t\t\t<div class=\"elementor-widget-container\">\n\t\t\t\t\t\t\t<div class=\"elementor-gallery__container\">\n\t\t\t\t\t\t\t<a class=\"e-gallery-item elementor-gallery-item elementor-animated-content\" href=\"https:\/\/plantio.neoncloud.com.es\/wp-content\/uploads\/2025\/03\/VISTA-JARDIN-RESIDENCIA-COLEGIO-ELPLANTIO-1024x683-1.jpg\" data-elementor-open-lightbox=\"yes\" data-elementor-lightbox-slideshow=\"40f2174\" data-elementor-lightbox-title=\"VISTA-JARDIN-RESIDENCIA-COLEGIO-ELPLANTIO-1024x683\" data-e-action-hash=\"#elementor-action%3Aaction%3Dlightbox%26settings%3DeyJpZCI6Njc3NiwidXJsIjoiaHR0cHM6XC9cL3BsYW50aW8ubmVvbmNsb3VkLmNvbS5lc1wvd3AtY29udGVudFwvdXBsb2Fkc1wvMjAyNVwvMDNcL1ZJU1RBLUpBUkRJTi1SRVNJREVOQ0lBLUNPTEVHSU8tRUxQTEFOVElPLTEwMjR4NjgzLTEuanBnIiwic2xpZGVzaG93IjoiNDBmMjE3NCJ9\">\n\t\t\t\t\t<div class=\"e-gallery-image elementor-gallery-item__image\" data-thumbnail=\"https:\/\/plantio.neoncloud.com.es\/wp-content\/uploads\/2025\/03\/VISTA-JARDIN-RESIDENCIA-COLEGIO-ELPLANTIO-1024x683-1-300x200.jpg\" data-width=\"300\" data-height=\"200\" aria-label=\"\" role=\"img\" ><\/div>\n\t\t\t\t\t\t\t\t\t\t\t<div class=\"elementor-gallery-item__overlay\"><\/div>\n\t\t\t\t\t\t\t\t\t\t\t\t\t\t<\/a>\n\t\t\t\t\t\t\t<a class=\"e-gallery-item elementor-gallery-item elementor-animated-content\" href=\"https:\/\/plantio.neoncloud.com.es\/wp-content\/uploads\/2025\/03\/VISTA-RESIDENCIA-COLEGIO-ELPLANTIO-1920.jpg\" data-elementor-open-lightbox=\"yes\" data-elementor-lightbox-slideshow=\"40f2174\" data-elementor-lightbox-title=\"VISTA-RESIDENCIA-COLEGIO-ELPLANTIO-1920\" data-e-action-hash=\"#elementor-action%3Aaction%3Dlightbox%26settings%3DeyJpZCI6Njc3MCwidXJsIjoiaHR0cHM6XC9cL3BsYW50aW8ubmVvbmNsb3VkLmNvbS5lc1wvd3AtY29udGVudFwvdXBsb2Fkc1wvMjAyNVwvMDNcL1ZJU1RBLVJFU0lERU5DSUEtQ09MRUdJTy1FTFBMQU5USU8tMTkyMC5qcGciLCJzbGlkZXNob3ciOiI0MGYyMTc0In0%3D\">\n\t\t\t\t\t<div class=\"e-gallery-image elementor-gallery-item__image\" data-thumbnail=\"https:\/\/plantio.neoncloud.com.es\/wp-content\/uploads\/2025\/03\/VISTA-RESIDENCIA-COLEGIO-ELPLANTIO-1920-300x93.jpg\" data-width=\"300\" data-height=\"93\" aria-label=\"\" role=\"img\" ><\/div>\n\t\t\t\t\t\t\t\t\t\t\t<div class=\"elementor-gallery-item__overlay\"><\/div>\n\t\t\t\t\t\t\t\t\t\t\t\t\t\t<\/a>\n\t\t\t\t\t\t\t<a class=\"e-gallery-item elementor-gallery-item elementor-animated-content\" href=\"https:\/\/plantio.neoncloud.com.es\/wp-content\/uploads\/2025\/03\/EDIFICIO-RESIDENCIA-COLEGIO-ELPLANTIO-1024x683-1.jpg\" data-elementor-open-lightbox=\"yes\" data-elementor-lightbox-slideshow=\"40f2174\" data-elementor-lightbox-title=\"EDIFICIO-RESIDENCIA-COLEGIO-ELPLANTIO-1024x683\" data-e-action-hash=\"#elementor-action%3Aaction%3Dlightbox%26settings%3DeyJpZCI6Njc2MywidXJsIjoiaHR0cHM6XC9cL3BsYW50aW8ubmVvbmNsb3VkLmNvbS5lc1wvd3AtY29udGVudFwvdXBsb2Fkc1wvMjAyNVwvMDNcL0VESUZJQ0lPLVJFU0lERU5DSUEtQ09MRUdJTy1FTFBMQU5USU8tMTAyNHg2ODMtMS5qcGciLCJzbGlkZXNob3ciOiI0MGYyMTc0In0%3D\">\n\t\t\t\t\t<div class=\"e-gallery-image elementor-gallery-item__image\" data-thumbnail=\"https:\/\/plantio.neoncloud.com.es\/wp-content\/uploads\/2025\/03\/EDIFICIO-RESIDENCIA-COLEGIO-ELPLANTIO-1024x683-1-300x200.jpg\" data-width=\"300\" data-height=\"200\" aria-label=\"\" role=\"img\" ><\/div>\n\t\t\t\t\t\t\t\t\t\t\t<div class=\"elementor-gallery-item__overlay\"><\/div>\n\t\t\t\t\t\t\t\t\t\t\t\t\t\t<\/a>\n\t\t\t\t\t\t\t<a class=\"e-gallery-item elementor-gallery-item elementor-animated-content\" href=\"https:\/\/plantio.neoncloud.com.es\/wp-content\/uploads\/2025\/03\/BASKET-RESIDENCIA-COLEGIO-ELPLANTIO-683x1024-1.jpg\" data-elementor-open-lightbox=\"yes\" data-elementor-lightbox-slideshow=\"40f2174\" data-elementor-lightbox-title=\"BASKET-RESIDENCIA-COLEGIO-ELPLANTIO-683x1024\" data-e-action-hash=\"#elementor-action%3Aaction%3Dlightbox%26settings%3DeyJpZCI6Njc2NSwidXJsIjoiaHR0cHM6XC9cL3BsYW50aW8ubmVvbmNsb3VkLmNvbS5lc1wvd3AtY29udGVudFwvdXBsb2Fkc1wvMjAyNVwvMDNcL0JBU0tFVC1SRVNJREVOQ0lBLUNPTEVHSU8tRUxQTEFOVElPLTY4M3gxMDI0LTEuanBnIiwic2xpZGVzaG93IjoiNDBmMjE3NCJ9\">\n\t\t\t\t\t<div class=\"e-gallery-image elementor-gallery-item__image\" data-thumbnail=\"https:\/\/plantio.neoncloud.com.es\/wp-content\/uploads\/2025\/03\/BASKET-RESIDENCIA-COLEGIO-ELPLANTIO-683x1024-1-200x300.jpg\" data-width=\"200\" data-height=\"300\" aria-label=\"\" role=\"img\" ><\/div>\n\t\t\t\t\t\t\t\t\t\t\t<div class=\"elementor-gallery-item__overlay\"><\/div>\n\t\t\t\t\t\t\t\t\t\t\t\t\t\t<\/a>\n\t\t\t\t\t\t\t<a class=\"e-gallery-item elementor-gallery-item elementor-animated-content\" href=\"https:\/\/plantio.neoncloud.com.es\/wp-content\/uploads\/2025\/03\/COMIDA-RESIDENCIA-COLEGIO-ELPLANTIO-1024x683-1.jpg\" data-elementor-open-lightbox=\"yes\" data-elementor-lightbox-slideshow=\"40f2174\" data-elementor-lightbox-title=\"COMIDA-RESIDENCIA-COLEGIO-ELPLANTIO-1024x683\" data-e-action-hash=\"#elementor-action%3Aaction%3Dlightbox%26settings%3DeyJpZCI6Njc2NiwidXJsIjoiaHR0cHM6XC9cL3BsYW50aW8ubmVvbmNsb3VkLmNvbS5lc1wvd3AtY29udGVudFwvdXBsb2Fkc1wvMjAyNVwvMDNcL0NPTUlEQS1SRVNJREVOQ0lBLUNPTEVHSU8tRUxQTEFOVElPLTEwMjR4NjgzLTEuanBnIiwic2xpZGVzaG93IjoiNDBmMjE3NCJ9\">\n\t\t\t\t\t<div class=\"e-gallery-image elementor-gallery-item__image\" data-thumbnail=\"https:\/\/plantio.neoncloud.com.es\/wp-content\/uploads\/2025\/03\/COMIDA-RESIDENCIA-COLEGIO-ELPLANTIO-1024x683-1-300x200.jpg\" data-width=\"300\" data-height=\"200\" aria-label=\"\" role=\"img\" ><\/div>\n\t\t\t\t\t\t\t\t\t\t\t<div class=\"elementor-gallery-item__overlay\"><\/div>\n\t\t\t\t\t\t\t\t\t\t\t\t\t\t<\/a>\n\t\t\t\t\t\t\t<a class=\"e-gallery-item elementor-gallery-item elementor-animated-content\" href=\"https:\/\/plantio.neoncloud.com.es\/wp-content\/uploads\/2025\/03\/BILLAR-COLEGIO-ELPLANTIO-1024x683-1.jpg\" data-elementor-open-lightbox=\"yes\" data-elementor-lightbox-slideshow=\"40f2174\" data-elementor-lightbox-title=\"BILLAR-COLEGIO-ELPLANTIO-1024x683\" data-e-action-hash=\"#elementor-action%3Aaction%3Dlightbox%26settings%3DeyJpZCI6Njc2NywidXJsIjoiaHR0cHM6XC9cL3BsYW50aW8ubmVvbmNsb3VkLmNvbS5lc1wvd3AtY29udGVudFwvdXBsb2Fkc1wvMjAyNVwvMDNcL0JJTExBUi1DT0xFR0lPLUVMUExBTlRJTy0xMDI0eDY4My0xLmpwZyIsInNsaWRlc2hvdyI6IjQwZjIxNzQifQ%3D%3D\">\n\t\t\t\t\t<div class=\"e-gallery-image elementor-gallery-item__image\" data-thumbnail=\"https:\/\/plantio.neoncloud.com.es\/wp-content\/uploads\/2025\/03\/BILLAR-COLEGIO-ELPLANTIO-1024x683-1-300x200.jpg\" data-width=\"300\" data-height=\"200\" aria-label=\"\" role=\"img\" ><\/div>\n\t\t\t\t\t\t\t\t\t\t\t<div class=\"elementor-gallery-item__overlay\"><\/div>\n\t\t\t\t\t\t\t\t\t\t\t\t\t\t<\/a>\n\t\t\t\t\t\t\t<a class=\"e-gallery-item elementor-gallery-item elementor-animated-content\" href=\"https:\/\/plantio.neoncloud.com.es\/wp-content\/uploads\/2025\/03\/DIETA-RESIDENCIA-COLEGIO-ELPLANTIO-1024x683-1.jpg\" data-elementor-open-lightbox=\"yes\" data-elementor-lightbox-slideshow=\"40f2174\" data-elementor-lightbox-title=\"DIETA-RESIDENCIA-COLEGIO-ELPLANTIO-1024x683\" data-e-action-hash=\"#elementor-action%3Aaction%3Dlightbox%26settings%3DeyJpZCI6Njc3NSwidXJsIjoiaHR0cHM6XC9cL3BsYW50aW8ubmVvbmNsb3VkLmNvbS5lc1wvd3AtY29udGVudFwvdXBsb2Fkc1wvMjAyNVwvMDNcL0RJRVRBLVJFU0lERU5DSUEtQ09MRUdJTy1FTFBMQU5USU8tMTAyNHg2ODMtMS5qcGciLCJzbGlkZXNob3ciOiI0MGYyMTc0In0%3D\">\n\t\t\t\t\t<div class=\"e-gallery-image elementor-gallery-item__image\" data-thumbnail=\"https:\/\/plantio.neoncloud.com.es\/wp-content\/uploads\/2025\/03\/DIETA-RESIDENCIA-COLEGIO-ELPLANTIO-1024x683-1-300x200.jpg\" data-width=\"300\" data-height=\"200\" aria-label=\"\" role=\"img\" ><\/div>\n\t\t\t\t\t\t\t\t\t\t\t<div class=\"elementor-gallery-item__overlay\"><\/div>\n\t\t\t\t\t\t\t\t\t\t\t\t\t\t<\/a>\n\t\t\t\t\t\t\t<a class=\"e-gallery-item elementor-gallery-item elementor-animated-content\" href=\"https:\/\/plantio.neoncloud.com.es\/wp-content\/uploads\/2025\/03\/HABITACION-CHICAS-RESIDENCIA-COLEGIO-ELPLANTIO-1024x683-1.jpg\" data-elementor-open-lightbox=\"yes\" data-elementor-lightbox-slideshow=\"40f2174\" data-elementor-lightbox-title=\"HABITACION-CHICAS-RESIDENCIA-COLEGIO-ELPLANTIO-1024x683\" data-e-action-hash=\"#elementor-action%3Aaction%3Dlightbox%26settings%3DeyJpZCI6Njc2NCwidXJsIjoiaHR0cHM6XC9cL3BsYW50aW8ubmVvbmNsb3VkLmNvbS5lc1wvd3AtY29udGVudFwvdXBsb2Fkc1wvMjAyNVwvMDNcL0hBQklUQUNJT04tQ0hJQ0FTLVJFU0lERU5DSUEtQ09MRUdJTy1FTFBMQU5USU8tMTAyNHg2ODMtMS5qcGciLCJzbGlkZXNob3ciOiI0MGYyMTc0In0%3D\">\n\t\t\t\t\t<div class=\"e-gallery-image elementor-gallery-item__image\" data-thumbnail=\"https:\/\/plantio.neoncloud.com.es\/wp-content\/uploads\/2025\/03\/HABITACION-CHICAS-RESIDENCIA-COLEGIO-ELPLANTIO-1024x683-1-300x200.jpg\" data-width=\"300\" data-height=\"200\" aria-label=\"\" role=\"img\" ><\/div>\n\t\t\t\t\t\t\t\t\t\t\t<div class=\"elementor-gallery-item__overlay\"><\/div>\n\t\t\t\t\t\t\t\t\t\t\t\t\t\t<\/a>\n\t\t\t\t\t<\/div>\n\t\t\t\t\t<\/div>\n\t\t\t\t<\/div>\n\t\t\t\t<div class=\"elementor-element elementor-element-82c179a elementor-widget elementor-widget-spacer\" data-id=\"82c179a\" data-element_type=\"widget\" data-e-type=\"widget\" data-widget_type=\"spacer.default\">\n\t\t\t\t<div class=\"elementor-widget-container\">\n\t\t\t\t\t\t\t<div class=\"elementor-spacer\">\n\t\t\t<div class=\"elementor-spacer-inner\"><\/div>\n\t\t<\/div>\n\t\t\t\t\t\t<\/div>\n\t\t\t\t<\/div>\n\t\t\t\t\t<\/div>\n\t\t\t\t<\/div>\n\t\t\t\t<\/div>","protected":false},"excerpt":{"rendered":"<p>Alimentaci\u00f3n Men\u00fa diario Buf\u00e9 Disponemos de men\u00fa men\u00fa musulm\u00e1n y men\u00fa vegetariano elaborados diariamente. Para m\u00e1s informaci\u00f3n no dude en ponerse en contacto con el centro.<\/p>","protected":false},"author":1,"featured_media":0,"parent":0,"menu_order":0,"comment_status":"closed","ping_status":"closed","template":"","meta":{"site-sidebar-layout":"default","site-content-layout":"","ast-site-content-layout":"default","site-content-style":"default","site-sidebar-style":"default","ast-global-header-display":"","ast-banner-title-visibility":"","ast-main-header-display":"","ast-hfb-above-header-display":"","ast-hfb-below-header-display":"","ast-hfb-mobile-header-display":"","site-post-title":"","ast-breadcrumbs-content":"","ast-featured-img":"","footer-sml-layout":"","theme-transparent-header-meta":"","adv-header-id-meta":"","stick-header-meta":"","header-above-stick-meta":"","header-main-stick-meta":"","header-below-stick-meta":"","astra-migrate-meta-layouts":"default","ast-page-background-enabled":"default","ast-page-background-meta":{"desktop":{"background-color":"","background-image":"","background-repeat":"repeat","background-position":"center center","background-size":"auto","background-attachment":"scroll","background-type":"","background-media":"","overlay-type":"","overlay-color":"","overlay-opacity":"","overlay-gradient":""},"tablet":{"background-color":"","background-image":"","background-repeat":"repeat","background-position":"center center","background-size":"auto","background-attachment":"scroll","background-type":"","background-media":"","overlay-type":"","overlay-color":"","overlay-opacity":"","overlay-gradient":""},"mobile":{"background-color":"","background-image":"","background-repeat":"repeat","background-position":"center center","background-size":"auto","background-attachment":"scroll","background-type":"","background-media":"","overlay-type":"","overlay-color":"","overlay-opacity":"","overlay-gradient":""}},"ast-content-background-meta":{"desktop":{"background-color":"var(--ast-global-color-5)","background-image":"","background-repeat":"repeat","background-position":"center center","background-size":"auto","background-attachment":"scroll","background-type":"","background-media":"","overlay-type":"","overlay-color":"","overlay-opacity":"","overlay-gradient":""},"tablet":{"background-color":"var(--ast-global-color-5)","background-image":"","background-repeat":"repeat","background-position":"center center","background-size":"auto","background-attachment":"scroll","background-type":"","background-media":"","overlay-type":"","overlay-color":"","overlay-opacity":"","overlay-gradient":""},"mobile":{"background-color":"var(--ast-global-color-5)","background-image":"","background-repeat":"repeat","background-position":"center center","background-size":"auto","background-attachment":"scroll","background-type":"","background-media":"","overlay-type":"","overlay-color":"","overlay-opacity":"","overlay-gradient":""}},"footnotes":""},"class_list":["post-6782","page","type-page","status-publish","hentry"],"_links":{"self":[{"href":"https:\/\/plantio.neoncloud.com.es\/en\/wp-json\/wp\/v2\/pages\/6782","targetHints":{"allow":["GET"]}}],"collection":[{"href":"https:\/\/plantio.neoncloud.com.es\/en\/wp-json\/wp\/v2\/pages"}],"about":[{"href":"https:\/\/plantio.neoncloud.com.es\/en\/wp-json\/wp\/v2\/types\/page"}],"author":[{"embeddable":true,"href":"https:\/\/plantio.neoncloud.com.es\/en\/wp-json\/wp\/v2\/users\/1"}],"replies":[{"embeddable":true,"href":"https:\/\/plantio.neoncloud.com.es\/en\/wp-json\/wp\/v2\/comments?post=6782"}],"version-history":[{"count":13,"href":"https:\/\/plantio.neoncloud.com.es\/en\/wp-json\/wp\/v2\/pages\/6782\/revisions"}],"predecessor-version":[{"id":6861,"href":"https:\/\/plantio.neoncloud.com.es\/en\/wp-json\/wp\/v2\/pages\/6782\/revisions\/6861"}],"wp:attachment":[{"href":"https:\/\/plantio.neoncloud.com.es\/en\/wp-json\/wp\/v2\/media?parent=6782"}],"curies":[{"name":"wp","href":"https:\/\/api.w.org\/{rel}","templated":true}]}}