{"id":6806,"date":"2025-03-10T08:30:18","date_gmt":"2025-03-10T07:30:18","guid":{"rendered":"https:\/\/plantio.neoncloud.com.es\/?page_id=6806"},"modified":"2026-03-02T23:23:39","modified_gmt":"2026-03-02T22:23:39","slug":"deportes","status":"publish","type":"page","link":"https:\/\/plantio.neoncloud.com.es\/en\/deportes\/","title":{"rendered":"Sports"},"content":{"rendered":"<div data-elementor-type=\"wp-page\" data-elementor-id=\"6806\" class=\"elementor elementor-6806\" data-elementor-post-type=\"page\">\n\t\t\t\t<div class=\"elementor-element elementor-element-4631e5b e-con-full e-flex e-con e-parent\" data-id=\"4631e5b\" data-element_type=\"container\" data-e-type=\"container\" data-settings=\"{&quot;background_background&quot;:&quot;video&quot;,&quot;background_video_link&quot;:&quot;https:\\\/\\\/plantio.neoncloud.com.es\\\/wp-content\\\/uploads\\\/2025\\\/03\\\/DJI_0361-copia-01.mp4&quot;}\">\n\t\t<div class=\"elementor-background-video-container elementor-hidden-mobile\">\n\t\t\t\t\t\t\t<video class=\"elementor-background-video-hosted\" role=\"presentation\" autoplay muted playsinline loop><\/video>\n\t\t\t\t\t<\/div>\t\t<div class=\"elementor-element elementor-element-f27edcf elementor-widget elementor-widget-heading\" data-id=\"f27edcf\" data-element_type=\"widget\" data-e-type=\"widget\" data-widget_type=\"heading.default\">\n\t\t\t\t<div class=\"elementor-widget-container\">\n\t\t\t\t\t<h2 class=\"elementor-heading-title elementor-size-default\">Sports<\/h2>\t\t\t\t<\/div>\n\t\t\t\t<\/div>\n\t\t\t\t<\/div>\n\t\t<div class=\"elementor-element elementor-element-2d6bfef4 e-flex e-con-boxed e-con e-parent\" data-id=\"2d6bfef4\" data-element_type=\"container\" data-e-type=\"container\">\n\t\t\t\t\t<div class=\"e-con-inner\">\n\t\t\t\t<div class=\"elementor-element elementor-element-38d7412 elementor-widget elementor-widget-spacer\" data-id=\"38d7412\" data-element_type=\"widget\" data-e-type=\"widget\" data-widget_type=\"spacer.default\">\n\t\t\t\t<div class=\"elementor-widget-container\">\n\t\t\t\t\t\t\t<div class=\"elementor-spacer\">\n\t\t\t<div class=\"elementor-spacer-inner\"><\/div>\n\t\t<\/div>\n\t\t\t\t\t\t<\/div>\n\t\t\t\t<\/div>\n\t\t\t\t<div class=\"elementor-element elementor-element-bc2531c elementor-widget elementor-widget-text-editor\" data-id=\"bc2531c\" data-element_type=\"widget\" data-e-type=\"widget\" data-widget_type=\"text-editor.default\">\n\t\t\t\t<div class=\"elementor-widget-container\">\n\t\t\t\t\t\t\t\t\t<p style=\"text-align: center;\"><span style=\"font-size: 24px; color: #000000; line-height: 32px; font-family: Open sans;\"><strong>The ISV Planting<\/strong> It has some <strong>magnificent sports facilities<\/strong> que permiten a nuestros alumnos, en funci\u00f3n de su edad, desarrollar diferentes habilidades en deportes como el f\u00fatbol, balonmano, voleibol, b\u00e1dminton, tenis, pickleball, teqball, ping-pong, nataci\u00f3n, atletismo, hockey,\u2026<br \/><\/span><\/p>\t\t\t\t\t\t\t\t<\/div>\n\t\t\t\t<\/div>\n\t\t\t\t<div class=\"elementor-element elementor-element-e2177c9 elementor-widget elementor-widget-image\" data-id=\"e2177c9\" data-element_type=\"widget\" data-e-type=\"widget\" data-widget_type=\"image.default\">\n\t\t\t\t<div class=\"elementor-widget-container\">\n\t\t\t\t\t\t\t\t\t\t\t\t\t\t\t<img fetchpriority=\"high\" decoding=\"async\" width=\"1536\" height=\"477\" src=\"https:\/\/plantio.neoncloud.com.es\/wp-content\/uploads\/2025\/03\/CHIC0S-grupo-SPORT-EL-PLANTIO-1920-1536x477.jpg\" class=\"attachment-1536x1536 size-1536x1536 wp-image-6816\" alt=\"\" srcset=\"https:\/\/plantio.neoncloud.com.es\/wp-content\/uploads\/2025\/03\/CHIC0S-grupo-SPORT-EL-PLANTIO-1920-1536x477.jpg 1536w, https:\/\/plantio.neoncloud.com.es\/wp-content\/uploads\/2025\/03\/CHIC0S-grupo-SPORT-EL-PLANTIO-1920-300x93.jpg 300w, https:\/\/plantio.neoncloud.com.es\/wp-content\/uploads\/2025\/03\/CHIC0S-grupo-SPORT-EL-PLANTIO-1920-1024x318.jpg 1024w, https:\/\/plantio.neoncloud.com.es\/wp-content\/uploads\/2025\/03\/CHIC0S-grupo-SPORT-EL-PLANTIO-1920-768x238.jpg 768w, https:\/\/plantio.neoncloud.com.es\/wp-content\/uploads\/2025\/03\/CHIC0S-grupo-SPORT-EL-PLANTIO-1920.jpg 1920w\" sizes=\"(max-width: 1536px) 100vw, 1536px\" \/>\t\t\t\t\t\t\t\t\t\t\t\t\t\t\t<\/div>\n\t\t\t\t<\/div>\n\t\t\t\t<div class=\"elementor-element elementor-element-508fe6b elementor-widget elementor-widget-spacer\" data-id=\"508fe6b\" data-element_type=\"widget\" data-e-type=\"widget\" data-widget_type=\"spacer.default\">\n\t\t\t\t<div class=\"elementor-widget-container\">\n\t\t\t\t\t\t\t<div class=\"elementor-spacer\">\n\t\t\t<div class=\"elementor-spacer-inner\"><\/div>\n\t\t<\/div>\n\t\t\t\t\t\t<\/div>\n\t\t\t\t<\/div>\n\t\t\t\t<div class=\"elementor-element elementor-element-8c43737 elementor-widget elementor-widget-text-editor\" data-id=\"8c43737\" data-element_type=\"widget\" data-e-type=\"widget\" data-widget_type=\"text-editor.default\">\n\t\t\t\t<div class=\"elementor-widget-container\">\n\t\t\t\t\t\t\t\t\t<p style=\"text-align: center;\"><span style=\"font-size: 24px; color: #000000; line-height: 32px; font-family: Open sans;\">La pr\u00e1ctica deportiva <strong>fomenta en los estudiantes<\/strong> no s\u00f3lo un estilo de vida saludable, tambi\u00e9n <strong>mejora su bienestar emocional y mental, fortalece las habilidades sociales, y refuerza el crecimiento personal.<\/strong> Valores como la autoestima, confianza, disciplina, respeto por la reglas y los compa\u00f1eros, perseverancia, tolerancia a la frustraci\u00f3n (aprender a ganar y a perder), trabajados a trav\u00e9s del deporte, impactan positivamente en la parte acad\u00e9mica, contribuyendo al desarrollo integral del alumnado.<\/span><\/p>\t\t\t\t\t\t\t\t<\/div>\n\t\t\t\t<\/div>\n\t\t\t\t<div class=\"elementor-element elementor-element-f92e91c elementor-widget elementor-widget-spacer\" data-id=\"f92e91c\" data-element_type=\"widget\" data-e-type=\"widget\" data-widget_type=\"spacer.default\">\n\t\t\t\t<div class=\"elementor-widget-container\">\n\t\t\t\t\t\t\t<div class=\"elementor-spacer\">\n\t\t\t<div class=\"elementor-spacer-inner\"><\/div>\n\t\t<\/div>\n\t\t\t\t\t\t<\/div>\n\t\t\t\t<\/div>\n\t\t\t\t<div class=\"elementor-element elementor-element-40f2174 elementor-widget elementor-widget-gallery\" data-id=\"40f2174\" data-element_type=\"widget\" data-e-type=\"widget\" data-settings=\"{&quot;gap&quot;:{&quot;unit&quot;:&quot;px&quot;,&quot;size&quot;:20,&quot;sizes&quot;:[]},&quot;lazyload&quot;:&quot;yes&quot;,&quot;gallery_layout&quot;:&quot;grid&quot;,&quot;columns&quot;:4,&quot;columns_tablet&quot;:2,&quot;columns_mobile&quot;:1,&quot;gap_tablet&quot;:{&quot;unit&quot;:&quot;px&quot;,&quot;size&quot;:10,&quot;sizes&quot;:[]},&quot;gap_mobile&quot;:{&quot;unit&quot;:&quot;px&quot;,&quot;size&quot;:10,&quot;sizes&quot;:[]},&quot;link_to&quot;:&quot;file&quot;,&quot;aspect_ratio&quot;:&quot;3:2&quot;,&quot;overlay_background&quot;:&quot;yes&quot;,&quot;content_hover_animation&quot;:&quot;fade-in&quot;}\" data-widget_type=\"gallery.default\">\n\t\t\t\t<div class=\"elementor-widget-container\">\n\t\t\t\t\t\t\t<div class=\"elementor-gallery__container\">\n\t\t\t\t\t\t\t<a class=\"e-gallery-item elementor-gallery-item elementor-animated-content\" href=\"https:\/\/plantio.neoncloud.com.es\/wp-content\/uploads\/2025\/03\/CHICOS-VOLEYBOL-COLEGIO-EL-PLANTIO-1-1024x683-1.jpg\" data-elementor-open-lightbox=\"yes\" data-elementor-lightbox-slideshow=\"40f2174\" data-elementor-lightbox-title=\"CHICOS-VOLEYBOL-COLEGIO-EL-PLANTIO-1-1024x683\" data-e-action-hash=\"#elementor-action%3Aaction%3Dlightbox%26settings%3DeyJpZCI6NjgyMywidXJsIjoiaHR0cHM6XC9cL3BsYW50aW8ubmVvbmNsb3VkLmNvbS5lc1wvd3AtY29udGVudFwvdXBsb2Fkc1wvMjAyNVwvMDNcL0NISUNPUy1WT0xFWUJPTC1DT0xFR0lPLUVMLVBMQU5USU8tMS0xMDI0eDY4My0xLmpwZyIsInNsaWRlc2hvdyI6IjQwZjIxNzQifQ%3D%3D\">\n\t\t\t\t\t<div class=\"e-gallery-image elementor-gallery-item__image\" data-thumbnail=\"https:\/\/plantio.neoncloud.com.es\/wp-content\/uploads\/2025\/03\/CHICOS-VOLEYBOL-COLEGIO-EL-PLANTIO-1-1024x683-1-300x200.jpg\" data-width=\"300\" data-height=\"200\" aria-label=\"\" role=\"img\" ><\/div>\n\t\t\t\t\t\t\t\t\t\t\t<div class=\"elementor-gallery-item__overlay\"><\/div>\n\t\t\t\t\t\t\t\t\t\t\t\t\t\t<\/a>\n\t\t\t\t\t\t\t<a class=\"e-gallery-item elementor-gallery-item elementor-animated-content\" href=\"https:\/\/plantio.neoncloud.com.es\/wp-content\/uploads\/2025\/03\/CHICOS-BALOMANO-COLEGIO-EL-PLANTIO-1-1024x683-1.jpg\" data-elementor-open-lightbox=\"yes\" data-elementor-lightbox-slideshow=\"40f2174\" data-elementor-lightbox-title=\"CHICOS-BALOMANO-COLEGIO-EL-PLANTIO-1-1024x683\" data-e-action-hash=\"#elementor-action%3Aaction%3Dlightbox%26settings%3DeyJpZCI6NjgyNCwidXJsIjoiaHR0cHM6XC9cL3BsYW50aW8ubmVvbmNsb3VkLmNvbS5lc1wvd3AtY29udGVudFwvdXBsb2Fkc1wvMjAyNVwvMDNcL0NISUNPUy1CQUxPTUFOTy1DT0xFR0lPLUVMLVBMQU5USU8tMS0xMDI0eDY4My0xLmpwZyIsInNsaWRlc2hvdyI6IjQwZjIxNzQifQ%3D%3D\">\n\t\t\t\t\t<div class=\"e-gallery-image elementor-gallery-item__image\" data-thumbnail=\"https:\/\/plantio.neoncloud.com.es\/wp-content\/uploads\/2025\/03\/CHICOS-BALOMANO-COLEGIO-EL-PLANTIO-1-1024x683-1-300x200.jpg\" data-width=\"300\" data-height=\"200\" aria-label=\"\" role=\"img\" ><\/div>\n\t\t\t\t\t\t\t\t\t\t\t<div class=\"elementor-gallery-item__overlay\"><\/div>\n\t\t\t\t\t\t\t\t\t\t\t\t\t\t<\/a>\n\t\t\t\t\t\t\t<a class=\"e-gallery-item elementor-gallery-item elementor-animated-content\" href=\"https:\/\/plantio.neoncloud.com.es\/wp-content\/uploads\/2025\/03\/CHICOS-BASKET-COLEGIO-EL-PLANTIO-1-683x1024-1.jpg\" data-elementor-open-lightbox=\"yes\" data-elementor-lightbox-slideshow=\"40f2174\" data-elementor-lightbox-title=\"CHICOS-BASKET-COLEGIO-EL-PLANTIO-1-683x1024\" data-e-action-hash=\"#elementor-action%3Aaction%3Dlightbox%26settings%3DeyJpZCI6NjgyNSwidXJsIjoiaHR0cHM6XC9cL3BsYW50aW8ubmVvbmNsb3VkLmNvbS5lc1wvd3AtY29udGVudFwvdXBsb2Fkc1wvMjAyNVwvMDNcL0NISUNPUy1CQVNLRVQtQ09MRUdJTy1FTC1QTEFOVElPLTEtNjgzeDEwMjQtMS5qcGciLCJzbGlkZXNob3ciOiI0MGYyMTc0In0%3D\">\n\t\t\t\t\t<div class=\"e-gallery-image elementor-gallery-item__image\" data-thumbnail=\"https:\/\/plantio.neoncloud.com.es\/wp-content\/uploads\/2025\/03\/CHICOS-BASKET-COLEGIO-EL-PLANTIO-1-683x1024-1-200x300.jpg\" data-width=\"200\" data-height=\"300\" aria-label=\"\" role=\"img\" ><\/div>\n\t\t\t\t\t\t\t\t\t\t\t<div class=\"elementor-gallery-item__overlay\"><\/div>\n\t\t\t\t\t\t\t\t\t\t\t\t\t\t<\/a>\n\t\t\t\t\t\t\t<a class=\"e-gallery-item elementor-gallery-item elementor-animated-content\" href=\"https:\/\/plantio.neoncloud.com.es\/wp-content\/uploads\/2025\/03\/CHICOS-FUTBOL-COLEGIO-EL-PLANTIO-1024x683-1.jpg\" data-elementor-open-lightbox=\"yes\" data-elementor-lightbox-slideshow=\"40f2174\" data-elementor-lightbox-title=\"CHICOS-FUTBOL-COLEGIO-EL-PLANTIO-1024x683\" data-e-action-hash=\"#elementor-action%3Aaction%3Dlightbox%26settings%3DeyJpZCI6NjgyNiwidXJsIjoiaHR0cHM6XC9cL3BsYW50aW8ubmVvbmNsb3VkLmNvbS5lc1wvd3AtY29udGVudFwvdXBsb2Fkc1wvMjAyNVwvMDNcL0NISUNPUy1GVVRCT0wtQ09MRUdJTy1FTC1QTEFOVElPLTEwMjR4NjgzLTEuanBnIiwic2xpZGVzaG93IjoiNDBmMjE3NCJ9\">\n\t\t\t\t\t<div class=\"e-gallery-image elementor-gallery-item__image\" data-thumbnail=\"https:\/\/plantio.neoncloud.com.es\/wp-content\/uploads\/2025\/03\/CHICOS-FUTBOL-COLEGIO-EL-PLANTIO-1024x683-1-300x200.jpg\" data-width=\"300\" data-height=\"200\" aria-label=\"\" role=\"img\" ><\/div>\n\t\t\t\t\t\t\t\t\t\t\t<div class=\"elementor-gallery-item__overlay\"><\/div>\n\t\t\t\t\t\t\t\t\t\t\t\t\t\t<\/a>\n\t\t\t\t\t<\/div>\n\t\t\t\t\t<\/div>\n\t\t\t\t<\/div>\n\t\t\t\t<div class=\"elementor-element elementor-element-82c179a elementor-widget elementor-widget-spacer\" data-id=\"82c179a\" data-element_type=\"widget\" data-e-type=\"widget\" data-widget_type=\"spacer.default\">\n\t\t\t\t<div class=\"elementor-widget-container\">\n\t\t\t\t\t\t\t<div class=\"elementor-spacer\">\n\t\t\t<div class=\"elementor-spacer-inner\"><\/div>\n\t\t<\/div>\n\t\t\t\t\t\t<\/div>\n\t\t\t\t<\/div>\n\t\t\t\t\t<\/div>\n\t\t\t\t<\/div>\n\t\t\t\t<\/div>","protected":false},"excerpt":{"rendered":"<p>Deportes El Plant\u00edo ISV cuenta con unas magn\u00edficas instalaciones deportivas que permiten a nuestros alumnos, en funci\u00f3n de su edad, desarrollar diferentes habilidades en deportes como el f\u00fatbol, balonmano, voleibol, b\u00e1dminton, tenis, pickleball, teqball, ping-pong, nataci\u00f3n, atletismo, hockey,\u2026 La pr\u00e1ctica deportiva fomenta en los estudiantes no s\u00f3lo un estilo de vida saludable, tambi\u00e9n mejora su [&hellip;]<\/p>","protected":false},"author":1,"featured_media":0,"parent":0,"menu_order":0,"comment_status":"closed","ping_status":"closed","template":"","meta":{"site-sidebar-layout":"default","site-content-layout":"","ast-site-content-layout":"default","site-content-style":"default","site-sidebar-style":"default","ast-global-header-display":"","ast-banner-title-visibility":"","ast-main-header-display":"","ast-hfb-above-header-display":"","ast-hfb-below-header-display":"","ast-hfb-mobile-header-display":"","site-post-title":"","ast-breadcrumbs-content":"","ast-featured-img":"","footer-sml-layout":"","theme-transparent-header-meta":"","adv-header-id-meta":"","stick-header-meta":"","header-above-stick-meta":"","header-main-stick-meta":"","header-below-stick-meta":"","astra-migrate-meta-layouts":"default","ast-page-background-enabled":"default","ast-page-background-meta":{"desktop":{"background-color":"","background-image":"","background-repeat":"repeat","background-position":"center center","background-size":"auto","background-attachment":"scroll","background-type":"","background-media":"","overlay-type":"","overlay-color":"","overlay-opacity":"","overlay-gradient":""},"tablet":{"background-color":"","background-image":"","background-repeat":"repeat","background-position":"center center","background-size":"auto","background-attachment":"scroll","background-type":"","background-media":"","overlay-type":"","overlay-color":"","overlay-opacity":"","overlay-gradient":""},"mobile":{"background-color":"","background-image":"","background-repeat":"repeat","background-position":"center center","background-size":"auto","background-attachment":"scroll","background-type":"","background-media":"","overlay-type":"","overlay-color":"","overlay-opacity":"","overlay-gradient":""}},"ast-content-background-meta":{"desktop":{"background-color":"var(--ast-global-color-5)","background-image":"","background-repeat":"repeat","background-position":"center center","background-size":"auto","background-attachment":"scroll","background-type":"","background-media":"","overlay-type":"","overlay-color":"","overlay-opacity":"","overlay-gradient":""},"tablet":{"background-color":"var(--ast-global-color-5)","background-image":"","background-repeat":"repeat","background-position":"center center","background-size":"auto","background-attachment":"scroll","background-type":"","background-media":"","overlay-type":"","overlay-color":"","overlay-opacity":"","overlay-gradient":""},"mobile":{"background-color":"var(--ast-global-color-5)","background-image":"","background-repeat":"repeat","background-position":"center center","background-size":"auto","background-attachment":"scroll","background-type":"","background-media":"","overlay-type":"","overlay-color":"","overlay-opacity":"","overlay-gradient":""}},"footnotes":""},"class_list":["post-6806","page","type-page","status-publish","hentry"],"_links":{"self":[{"href":"https:\/\/plantio.neoncloud.com.es\/en\/wp-json\/wp\/v2\/pages\/6806","targetHints":{"allow":["GET"]}}],"collection":[{"href":"https:\/\/plantio.neoncloud.com.es\/en\/wp-json\/wp\/v2\/pages"}],"about":[{"href":"https:\/\/plantio.neoncloud.com.es\/en\/wp-json\/wp\/v2\/types\/page"}],"author":[{"embeddable":true,"href":"https:\/\/plantio.neoncloud.com.es\/en\/wp-json\/wp\/v2\/users\/1"}],"replies":[{"embeddable":true,"href":"https:\/\/plantio.neoncloud.com.es\/en\/wp-json\/wp\/v2\/comments?post=6806"}],"version-history":[{"count":19,"href":"https:\/\/plantio.neoncloud.com.es\/en\/wp-json\/wp\/v2\/pages\/6806\/revisions"}],"predecessor-version":[{"id":7659,"href":"https:\/\/plantio.neoncloud.com.es\/en\/wp-json\/wp\/v2\/pages\/6806\/revisions\/7659"}],"wp:attachment":[{"href":"https:\/\/plantio.neoncloud.com.es\/en\/wp-json\/wp\/v2\/media?parent=6806"}],"curies":[{"name":"wp","href":"https:\/\/api.w.org\/{rel}","templated":true}]}}