{"id":6964,"date":"2025-03-10T19:20:51","date_gmt":"2025-03-10T18:20:51","guid":{"rendered":"https:\/\/plantio.neoncloud.com.es\/?page_id=6964"},"modified":"2025-03-10T22:50:42","modified_gmt":"2025-03-10T21:50:42","slug":"english-summer","status":"publish","type":"page","link":"https:\/\/plantio.neoncloud.com.es\/en\/english-summer\/","title":{"rendered":"Summer School"},"content":{"rendered":"<div data-elementor-type=\"wp-page\" data-elementor-id=\"6964\" class=\"elementor elementor-6964\" data-elementor-post-type=\"page\">\n\t\t\t\t<div class=\"elementor-element elementor-element-4631e5b e-con-full e-flex e-con e-parent\" data-id=\"4631e5b\" data-element_type=\"container\" data-e-type=\"container\" data-settings=\"{&quot;background_background&quot;:&quot;slideshow&quot;,&quot;background_slideshow_gallery&quot;:[{&quot;id&quot;:6967,&quot;url&quot;:&quot;https:\\\/\\\/plantio.neoncloud.com.es\\\/wp-content\\\/uploads\\\/2025\\\/03\\\/fondo-summer1.jpg&quot;}],&quot;background_slideshow_loop&quot;:&quot;yes&quot;,&quot;background_slideshow_slide_duration&quot;:5000,&quot;background_slideshow_slide_transition&quot;:&quot;fade&quot;,&quot;background_slideshow_transition_duration&quot;:500}\">\n\t\t\t\t<div class=\"elementor-element elementor-element-f27edcf elementor-widget elementor-widget-heading\" data-id=\"f27edcf\" data-element_type=\"widget\" data-e-type=\"widget\" data-widget_type=\"heading.default\">\n\t\t\t\t<div class=\"elementor-widget-container\">\n\t\t\t\t\t<h2 class=\"elementor-heading-title elementor-size-default\">Summer School<\/h2>\t\t\t\t<\/div>\n\t\t\t\t<\/div>\n\t\t\t\t<\/div>\n\t\t<div class=\"elementor-element elementor-element-2d6bfef4 e-con-full e-flex e-con e-parent\" data-id=\"2d6bfef4\" data-element_type=\"container\" data-e-type=\"container\">\n\t\t\t\t<div class=\"elementor-element elementor-element-38d7412 elementor-widget elementor-widget-spacer\" data-id=\"38d7412\" data-element_type=\"widget\" data-e-type=\"widget\" data-widget_type=\"spacer.default\">\n\t\t\t\t<div class=\"elementor-widget-container\">\n\t\t\t\t\t\t\t<div class=\"elementor-spacer\">\n\t\t\t<div class=\"elementor-spacer-inner\"><\/div>\n\t\t<\/div>\n\t\t\t\t\t\t<\/div>\n\t\t\t\t<\/div>\n\t\t\t\t<div class=\"elementor-element elementor-element-522a10d elementor-widget elementor-widget-heading\" data-id=\"522a10d\" data-element_type=\"widget\" data-e-type=\"widget\" data-widget_type=\"heading.default\">\n\t\t\t\t<div class=\"elementor-widget-container\">\n\t\t\t\t\t<h2 class=\"elementor-heading-title elementor-size-default\">Ready for Summer 2025!<\/h2>\t\t\t\t<\/div>\n\t\t\t\t<\/div>\n\t\t\t\t<div class=\"elementor-element elementor-element-132af19 elementor-widget elementor-widget-heading\" data-id=\"132af19\" data-element_type=\"widget\" data-e-type=\"widget\" data-widget_type=\"heading.default\">\n\t\t\t\t<div class=\"elementor-widget-container\">\n\t\t\t\t\t<h3 class=\"elementor-heading-title elementor-size-default\">The summer you&#039;ll never forget!<\/h3>\t\t\t\t<\/div>\n\t\t\t\t<\/div>\n\t\t\t\t<div class=\"elementor-element elementor-element-bc2531c elementor-widget elementor-widget-text-editor\" data-id=\"bc2531c\" data-element_type=\"widget\" data-e-type=\"widget\" data-widget_type=\"text-editor.default\">\n\t\t\t\t<div class=\"elementor-widget-container\">\n\t\t\t\t\t\t\t\t\t<p style=\"text-align: center;\">After more than 50 years of providing a quality British education, El Plant\u00edo International School innovates every year by offering a summer school where students learn English with native teachers in a fun and creative environment full of all kinds of activities.<\/p>\t\t\t\t\t\t\t\t<\/div>\n\t\t\t\t<\/div>\n\t\t\t\t<div class=\"elementor-element elementor-element-f92e91c elementor-widget elementor-widget-spacer\" data-id=\"f92e91c\" data-element_type=\"widget\" data-e-type=\"widget\" data-widget_type=\"spacer.default\">\n\t\t\t\t<div class=\"elementor-widget-container\">\n\t\t\t\t\t\t\t<div class=\"elementor-spacer\">\n\t\t\t<div class=\"elementor-spacer-inner\"><\/div>\n\t\t<\/div>\n\t\t\t\t\t\t<\/div>\n\t\t\t\t<\/div>\n\t\t\t\t<div class=\"elementor-element elementor-element-33f0b3e elementor-widget elementor-widget-image\" data-id=\"33f0b3e\" data-element_type=\"widget\" data-e-type=\"widget\" data-widget_type=\"image.default\">\n\t\t\t\t<div class=\"elementor-widget-container\">\n\t\t\t\t\t\t\t\t\t\t\t\t\t\t\t<img fetchpriority=\"high\" decoding=\"async\" width=\"640\" height=\"449\" src=\"https:\/\/plantio.neoncloud.com.es\/wp-content\/uploads\/2025\/03\/14.png\" class=\"attachment-large size-large wp-image-6973\" alt=\"\" srcset=\"https:\/\/plantio.neoncloud.com.es\/wp-content\/uploads\/2025\/03\/14.png 640w, https:\/\/plantio.neoncloud.com.es\/wp-content\/uploads\/2025\/03\/14-300x210.png 300w\" sizes=\"(max-width: 640px) 100vw, 640px\" \/>\t\t\t\t\t\t\t\t\t\t\t\t\t\t\t<\/div>\n\t\t\t\t<\/div>\n\t\t\t\t<div class=\"elementor-element elementor-element-508fe6b elementor-widget elementor-widget-spacer\" data-id=\"508fe6b\" data-element_type=\"widget\" data-e-type=\"widget\" data-widget_type=\"spacer.default\">\n\t\t\t\t<div class=\"elementor-widget-container\">\n\t\t\t\t\t\t\t<div class=\"elementor-spacer\">\n\t\t\t<div class=\"elementor-spacer-inner\"><\/div>\n\t\t<\/div>\n\t\t\t\t\t\t<\/div>\n\t\t\t\t<\/div>\n\t\t\t\t<div class=\"elementor-element elementor-element-c19a1ce elementor-widget elementor-widget-text-editor\" data-id=\"c19a1ce\" data-element_type=\"widget\" data-e-type=\"widget\" data-widget_type=\"text-editor.default\">\n\t\t\t\t<div class=\"elementor-widget-container\">\n\t\t\t\t\t\t\t\t\t<div class=\"container\"><div class=\"row\"><div class=\"wpb_column vc_column_container vc_col-sm-12\"><div class=\"vc_column-inner\"><div class=\"wpb_wrapper\"><h1 class=\"vc_custom_heading\">Program<\/h1><div class=\"vc_empty_space\">\u00a0<\/div><h3 class=\"vc_custom_heading\">MORNINGS<\/h3><div class=\"wpb_text_column wpb_content_element\"><div class=\"wpb_wrapper\"><ul class=\"gr\"><li><strong>English:<\/strong> Classes with native teachers, tailored to each child&#039;s level.<\/li><li><strong>Technology:<\/strong> Computer classes with workshops on video game programming, robotics and stop motion videos.<\/li><li><strong>Pool:<\/strong> Free swimming for children aged 12 and over. For younger children, swimming lessons are available, by level and with experienced instructors.<\/li><li><strong>ELE:<\/strong> Support classes for students who do not speak Spanish.<\/li><li><strong>Special activities:<\/strong> Every Friday, excursions and activities in the center.<\/li><\/ul><\/div><\/div><div class=\"vc_empty_space\">\u00a0<\/div><h3 class=\"vc_custom_heading\">MEAL<\/h3><div class=\"wpb_text_column wpb_content_element\"><div class=\"wpb_wrapper\"><ul class=\"gr\"><li><strong>Dining room with its own Mediterranean kitchen.<\/strong><\/li><li><strong>Menus for all needs:<\/strong> We cater to people with allergies, celiac disease, and vegetarians, and we provide them with snacks.<\/li><\/ul><\/div><\/div><div class=\"vc_empty_space\">\u00a0<\/div><h3 class=\"vc_custom_heading\">AFTERNOON<\/h3><div class=\"wpb_text_column wpb_content_element\"><div class=\"wpb_wrapper\"><ul class=\"gr\"><li><strong>Creativity:<\/strong> Arts and Crafts. Dance. Storytelling and costumes.<\/li><li><strong>Dramatic Arts:<\/strong> Dancing, singing and much more.<\/li><li><strong>Sciences:<\/strong> Crazy Experiments<\/li><li><strong>Sports:<\/strong> Football, tennis, basketball, badminton, archery, etc.<\/li><li><strong>Masterchef:<\/strong> Visit from a professional catering company.<\/li><li><strong>Nature:<\/strong> Forest School caring for our environment.<\/li><li><strong>Summer Homework:<\/strong> We can help you if you want.<\/li><li><strong>Music:<\/strong> singing and playing musical instruments<\/li><\/ul><\/div><\/div><\/div><\/div><\/div><\/div><\/div>\t\t\t\t\t\t\t\t<\/div>\n\t\t\t\t<\/div>\n\t\t\t\t<div class=\"elementor-element elementor-element-d324dc1 elementor-widget elementor-widget-spacer\" data-id=\"d324dc1\" data-element_type=\"widget\" data-e-type=\"widget\" data-widget_type=\"spacer.default\">\n\t\t\t\t<div class=\"elementor-widget-container\">\n\t\t\t\t\t\t\t<div class=\"elementor-spacer\">\n\t\t\t<div class=\"elementor-spacer-inner\"><\/div>\n\t\t<\/div>\n\t\t\t\t\t\t<\/div>\n\t\t\t\t<\/div>\n\t\t\t\t<div class=\"elementor-element elementor-element-97d86f8 elementor-widget elementor-widget-image\" data-id=\"97d86f8\" data-element_type=\"widget\" data-e-type=\"widget\" data-widget_type=\"image.default\">\n\t\t\t\t<div class=\"elementor-widget-container\">\n\t\t\t\t\t\t\t\t\t\t\t\t\t\t\t<img decoding=\"async\" width=\"1536\" height=\"455\" src=\"https:\/\/plantio.neoncloud.com.es\/wp-content\/uploads\/2025\/03\/fondo-summer-1536x455.jpg\" class=\"attachment-1536x1536 size-1536x1536 wp-image-6972\" alt=\"\" srcset=\"https:\/\/plantio.neoncloud.com.es\/wp-content\/uploads\/2025\/03\/fondo-summer-1536x455.jpg 1536w, https:\/\/plantio.neoncloud.com.es\/wp-content\/uploads\/2025\/03\/fondo-summer-300x89.jpg 300w, https:\/\/plantio.neoncloud.com.es\/wp-content\/uploads\/2025\/03\/fondo-summer-1024x303.jpg 1024w, https:\/\/plantio.neoncloud.com.es\/wp-content\/uploads\/2025\/03\/fondo-summer-768x228.jpg 768w, https:\/\/plantio.neoncloud.com.es\/wp-content\/uploads\/2025\/03\/fondo-summer.jpg 1920w\" sizes=\"(max-width: 1536px) 100vw, 1536px\" \/>\t\t\t\t\t\t\t\t\t\t\t\t\t\t\t<\/div>\n\t\t\t\t<\/div>\n\t\t\t\t<div class=\"elementor-element elementor-element-8c1c124 elementor-widget elementor-widget-spacer\" data-id=\"8c1c124\" data-element_type=\"widget\" data-e-type=\"widget\" data-widget_type=\"spacer.default\">\n\t\t\t\t<div class=\"elementor-widget-container\">\n\t\t\t\t\t\t\t<div class=\"elementor-spacer\">\n\t\t\t<div class=\"elementor-spacer-inner\"><\/div>\n\t\t<\/div>\n\t\t\t\t\t\t<\/div>\n\t\t\t\t<\/div>\n\t\t\t\t<div class=\"elementor-element elementor-element-4d9f8c6 elementor-widget elementor-widget-text-editor\" data-id=\"4d9f8c6\" data-element_type=\"widget\" data-e-type=\"widget\" data-widget_type=\"text-editor.default\">\n\t\t\t\t<div class=\"elementor-widget-container\">\n\t\t\t\t\t\t\t\t\t<div class=\"container\"><div class=\"row\"><div class=\"wpb_column vc_column_container vc_col-sm-12\"><div class=\"vc_column-inner\"><div class=\"wpb_wrapper\"><h1 class=\"vc_custom_heading\">Routes<\/h1><div class=\"vc_empty_space\">\u00a0<\/div><div class=\"wpb_text_column wpb_content_element\"><div class=\"wpb_wrapper\"><p class=\"gr\">If you need a bus for your child, download the available routes below. <a href=\"https:\/\/plantiointernational.com\/wp-content\/uploads\/2024\/05\/Ruta-Summer-School-23-24.pdf\" target=\"_blank\" rel=\"noopener\">link<\/a><\/p><\/div><\/div><div class=\"vc_empty_space\">\u00a0<\/div><h1 class=\"vc_custom_heading\">More information\u2026<\/h1><div class=\"vc_empty_space\">\u00a0<\/div><div class=\"wpb_text_column wpb_content_element\"><div class=\"wpb_wrapper\"><p>If you are interested in enrolling your child in our summer school, please fill out the registration form by clicking here. <a href=\"https:\/\/forms.gle\/uMCdKDdgqPdTxbRg9\" target=\"blank\" rel=\"noopener\">here<\/a><\/p><p>If you have any questions, you can write to us at the following email address: <a href=\"mailto:summerschool@plantiointernational.com\" target=\"blank\" rel=\"noopener\">summerschool@plantiointernational.com<\/a><\/p><\/div><\/div><\/div><\/div><\/div><\/div><\/div>\t\t\t\t\t\t\t\t<\/div>\n\t\t\t\t<\/div>\n\t\t\t\t<div class=\"elementor-element elementor-element-1a0fec0 elementor-widget elementor-widget-spacer\" data-id=\"1a0fec0\" data-element_type=\"widget\" data-e-type=\"widget\" data-widget_type=\"spacer.default\">\n\t\t\t\t<div class=\"elementor-widget-container\">\n\t\t\t\t\t\t\t<div class=\"elementor-spacer\">\n\t\t\t<div class=\"elementor-spacer-inner\"><\/div>\n\t\t<\/div>\n\t\t\t\t\t\t<\/div>\n\t\t\t\t<\/div>\n\t\t\t\t<div class=\"elementor-element elementor-element-cbdb6a0 elementor-widget elementor-widget-image\" data-id=\"cbdb6a0\" data-element_type=\"widget\" data-e-type=\"widget\" data-widget_type=\"image.default\">\n\t\t\t\t<div class=\"elementor-widget-container\">\n\t\t\t\t\t\t\t\t\t\t\t\t\t\t\t<img decoding=\"async\" width=\"1536\" height=\"455\" src=\"https:\/\/plantio.neoncloud.com.es\/wp-content\/uploads\/2025\/03\/fondo-summer2-1536x455.jpg\" class=\"attachment-1536x1536 size-1536x1536 wp-image-6971\" alt=\"\" srcset=\"https:\/\/plantio.neoncloud.com.es\/wp-content\/uploads\/2025\/03\/fondo-summer2-1536x455.jpg 1536w, https:\/\/plantio.neoncloud.com.es\/wp-content\/uploads\/2025\/03\/fondo-summer2-300x89.jpg 300w, https:\/\/plantio.neoncloud.com.es\/wp-content\/uploads\/2025\/03\/fondo-summer2-1024x303.jpg 1024w, https:\/\/plantio.neoncloud.com.es\/wp-content\/uploads\/2025\/03\/fondo-summer2-768x228.jpg 768w, https:\/\/plantio.neoncloud.com.es\/wp-content\/uploads\/2025\/03\/fondo-summer2.jpg 1920w\" sizes=\"(max-width: 1536px) 100vw, 1536px\" \/>\t\t\t\t\t\t\t\t\t\t\t\t\t\t\t<\/div>\n\t\t\t\t<\/div>\n\t\t\t\t<\/div>\n\t\t\t\t<\/div>","protected":false},"excerpt":{"rendered":"<p>Summer School \u00a1Preparados para el Verano 2025! \u00a1El verano que nunca olvidar\u00e1s! Tras m\u00e1s de 50 a\u00f1os ofreciendo una educaci\u00f3n brit\u00e1nica de calidad, El Plant\u00edo International School innova cada a\u00f1o ofreciendo una escuela de verano en la que los alumnos aprenden ingl\u00e9s con profesores nativos en un ambiente l\u00fadico y creativo repleto de actividades de [&hellip;]<\/p>","protected":false},"author":1,"featured_media":0,"parent":0,"menu_order":0,"comment_status":"closed","ping_status":"closed","template":"","meta":{"site-sidebar-layout":"default","site-content-layout":"","ast-site-content-layout":"default","site-content-style":"default","site-sidebar-style":"default","ast-global-header-display":"","ast-banner-title-visibility":"","ast-main-header-display":"","ast-hfb-above-header-display":"","ast-hfb-below-header-display":"","ast-hfb-mobile-header-display":"","site-post-title":"","ast-breadcrumbs-content":"","ast-featured-img":"","footer-sml-layout":"","theme-transparent-header-meta":"","adv-header-id-meta":"","stick-header-meta":"","header-above-stick-meta":"","header-main-stick-meta":"","header-below-stick-meta":"","astra-migrate-meta-layouts":"default","ast-page-background-enabled":"default","ast-page-background-meta":{"desktop":{"background-color":"","background-image":"","background-repeat":"repeat","background-position":"center center","background-size":"auto","background-attachment":"scroll","background-type":"","background-media":"","overlay-type":"","overlay-color":"","overlay-opacity":"","overlay-gradient":""},"tablet":{"background-color":"","background-image":"","background-repeat":"repeat","background-position":"center center","background-size":"auto","background-attachment":"scroll","background-type":"","background-media":"","overlay-type":"","overlay-color":"","overlay-opacity":"","overlay-gradient":""},"mobile":{"background-color":"","background-image":"","background-repeat":"repeat","background-position":"center center","background-size":"auto","background-attachment":"scroll","background-type":"","background-media":"","overlay-type":"","overlay-color":"","overlay-opacity":"","overlay-gradient":""}},"ast-content-background-meta":{"desktop":{"background-color":"var(--ast-global-color-5)","background-image":"","background-repeat":"repeat","background-position":"center center","background-size":"auto","background-attachment":"scroll","background-type":"","background-media":"","overlay-type":"","overlay-color":"","overlay-opacity":"","overlay-gradient":""},"tablet":{"background-color":"var(--ast-global-color-5)","background-image":"","background-repeat":"repeat","background-position":"center center","background-size":"auto","background-attachment":"scroll","background-type":"","background-media":"","overlay-type":"","overlay-color":"","overlay-opacity":"","overlay-gradient":""},"mobile":{"background-color":"var(--ast-global-color-5)","background-image":"","background-repeat":"repeat","background-position":"center center","background-size":"auto","background-attachment":"scroll","background-type":"","background-media":"","overlay-type":"","overlay-color":"","overlay-opacity":"","overlay-gradient":""}},"footnotes":""},"class_list":["post-6964","page","type-page","status-publish","hentry"],"_links":{"self":[{"href":"https:\/\/plantio.neoncloud.com.es\/en\/wp-json\/wp\/v2\/pages\/6964","targetHints":{"allow":["GET"]}}],"collection":[{"href":"https:\/\/plantio.neoncloud.com.es\/en\/wp-json\/wp\/v2\/pages"}],"about":[{"href":"https:\/\/plantio.neoncloud.com.es\/en\/wp-json\/wp\/v2\/types\/page"}],"author":[{"embeddable":true,"href":"https:\/\/plantio.neoncloud.com.es\/en\/wp-json\/wp\/v2\/users\/1"}],"replies":[{"embeddable":true,"href":"https:\/\/plantio.neoncloud.com.es\/en\/wp-json\/wp\/v2\/comments?post=6964"}],"version-history":[{"count":9,"href":"https:\/\/plantio.neoncloud.com.es\/en\/wp-json\/wp\/v2\/pages\/6964\/revisions"}],"predecessor-version":[{"id":6978,"href":"https:\/\/plantio.neoncloud.com.es\/en\/wp-json\/wp\/v2\/pages\/6964\/revisions\/6978"}],"wp:attachment":[{"href":"https:\/\/plantio.neoncloud.com.es\/en\/wp-json\/wp\/v2\/media?parent=6964"}],"curies":[{"name":"wp","href":"https:\/\/api.w.org\/{rel}","templated":true}]}}