{"id":7090,"date":"2025-03-13T07:56:17","date_gmt":"2025-03-13T06:56:17","guid":{"rendered":"https:\/\/plantio.neoncloud.com.es\/?page_id=7090"},"modified":"2025-03-13T08:01:40","modified_gmt":"2025-03-13T07:01:40","slug":"informacion-padres","status":"publish","type":"page","link":"https:\/\/plantio.neoncloud.com.es\/en\/informacion-padres\/","title":{"rendered":"Informaci\u00f3n a familias"},"content":{"rendered":"<div data-elementor-type=\"wp-page\" data-elementor-id=\"7090\" class=\"elementor elementor-7090\" data-elementor-post-type=\"page\">\n\t\t\t\t<div class=\"elementor-element elementor-element-4631e5b e-con-full e-flex e-con e-parent\" data-id=\"4631e5b\" data-element_type=\"container\" data-e-type=\"container\" data-settings=\"{&quot;background_background&quot;:&quot;slideshow&quot;,&quot;background_slideshow_gallery&quot;:[{&quot;id&quot;:7107,&quot;url&quot;:&quot;https:\\\/\\\/plantio.neoncloud.com.es\\\/wp-content\\\/uploads\\\/2025\\\/03\\\/IMG_4686-scaled.jpg&quot;}],&quot;motion_fx_motion_fx_scrolling&quot;:&quot;yes&quot;,&quot;motion_fx_scale_effect&quot;:&quot;yes&quot;,&quot;background_slideshow_loop&quot;:&quot;yes&quot;,&quot;background_slideshow_slide_duration&quot;:5000,&quot;background_slideshow_slide_transition&quot;:&quot;fade&quot;,&quot;background_slideshow_transition_duration&quot;:500,&quot;motion_fx_scale_direction&quot;:&quot;out-in&quot;,&quot;motion_fx_scale_speed&quot;:{&quot;unit&quot;:&quot;px&quot;,&quot;size&quot;:4,&quot;sizes&quot;:[]},&quot;motion_fx_scale_range&quot;:{&quot;unit&quot;:&quot;%&quot;,&quot;size&quot;:&quot;&quot;,&quot;sizes&quot;:{&quot;start&quot;:20,&quot;end&quot;:80}},&quot;motion_fx_devices&quot;:[&quot;desktop&quot;,&quot;tablet&quot;,&quot;mobile&quot;]}\">\n\t\t\t\t<div class=\"elementor-element elementor-element-f27edcf elementor-widget elementor-widget-heading\" data-id=\"f27edcf\" data-element_type=\"widget\" data-e-type=\"widget\" data-widget_type=\"heading.default\">\n\t\t\t\t<div class=\"elementor-widget-container\">\n\t\t\t\t\t<h2 class=\"elementor-heading-title elementor-size-default\">Information for Families<\/h2>\t\t\t\t<\/div>\n\t\t\t\t<\/div>\n\t\t\t\t<\/div>\n\t\t<div class=\"elementor-element elementor-element-c242ff7 e-flex e-con-boxed e-con e-parent\" data-id=\"c242ff7\" data-element_type=\"container\" data-e-type=\"container\">\n\t\t\t\t\t<div class=\"e-con-inner\">\n\t\t\t\t<div class=\"elementor-element elementor-element-3e47d3e elementor-widget elementor-widget-spacer\" data-id=\"3e47d3e\" data-element_type=\"widget\" data-e-type=\"widget\" data-widget_type=\"spacer.default\">\n\t\t\t\t<div class=\"elementor-widget-container\">\n\t\t\t\t\t\t\t<div class=\"elementor-spacer\">\n\t\t\t<div class=\"elementor-spacer-inner\"><\/div>\n\t\t<\/div>\n\t\t\t\t\t\t<\/div>\n\t\t\t\t<\/div>\n\t\t\t\t\t<\/div>\n\t\t\t\t<\/div>\n\t\t<div class=\"elementor-element elementor-element-3689a84 e-flex e-con-boxed e-con e-parent\" data-id=\"3689a84\" data-element_type=\"container\" data-e-type=\"container\">\n\t\t\t\t\t<div class=\"e-con-inner\">\n\t\t<div class=\"elementor-element elementor-element-5fcf61c e-con-full e-flex e-con e-child\" data-id=\"5fcf61c\" data-element_type=\"container\" data-e-type=\"container\">\n\t\t\t\t<div class=\"elementor-element elementor-element-3b919f2 elementor-position-top elementor-widget elementor-widget-image-box\" data-id=\"3b919f2\" data-element_type=\"widget\" data-e-type=\"widget\" data-widget_type=\"image-box.default\">\n\t\t\t\t<div class=\"elementor-widget-container\">\n\t\t\t\t\t<div class=\"elementor-image-box-wrapper\"><figure class=\"elementor-image-box-img\"><a href=\"\/wp-content\/uploads\/2025\/03\/Calendario-escolar-2024-25-El-Plantio-ISV-para-padres-web-corregido-1.pdf\" tabindex=\"-1\"><img fetchpriority=\"high\" decoding=\"async\" width=\"512\" height=\"512\" src=\"https:\/\/plantio.neoncloud.com.es\/wp-content\/uploads\/2025\/03\/calendario-escolar.png\" class=\"attachment-full size-full wp-image-7096\" alt=\"\" srcset=\"https:\/\/plantio.neoncloud.com.es\/wp-content\/uploads\/2025\/03\/calendario-escolar.png 512w, https:\/\/plantio.neoncloud.com.es\/wp-content\/uploads\/2025\/03\/calendario-escolar-300x300.png 300w, https:\/\/plantio.neoncloud.com.es\/wp-content\/uploads\/2025\/03\/calendario-escolar-150x150.png 150w\" sizes=\"(max-width: 512px) 100vw, 512px\" \/><\/a><\/figure><div class=\"elementor-image-box-content\"><h3 class=\"elementor-image-box-title\"><a href=\"\/wp-content\/uploads\/2025\/03\/Calendario-escolar-2024-25-El-Plantio-ISV-para-padres-web-corregido-1.pdf\">School Calendar<\/a><\/h3><\/div><\/div>\t\t\t\t<\/div>\n\t\t\t\t<\/div>\n\t\t\t\t<\/div>\n\t\t<div class=\"elementor-element elementor-element-f2c7a13 e-con-full e-flex e-con e-child\" data-id=\"f2c7a13\" data-element_type=\"container\" data-e-type=\"container\">\n\t\t\t\t<div class=\"elementor-element elementor-element-2bf2253 elementor-position-top elementor-widget elementor-widget-image-box\" data-id=\"2bf2253\" data-element_type=\"widget\" data-e-type=\"widget\" data-widget_type=\"image-box.default\">\n\t\t\t\t<div class=\"elementor-widget-container\">\n\t\t\t\t\t<div class=\"elementor-image-box-wrapper\"><figure class=\"elementor-image-box-img\"><a href=\"\/en\/comedor\/\" tabindex=\"-1\"><img decoding=\"async\" width=\"512\" height=\"512\" src=\"https:\/\/plantio.neoncloud.com.es\/wp-content\/uploads\/2025\/03\/menu-familias.png\" class=\"attachment-full size-full wp-image-7092\" alt=\"\" srcset=\"https:\/\/plantio.neoncloud.com.es\/wp-content\/uploads\/2025\/03\/menu-familias.png 512w, https:\/\/plantio.neoncloud.com.es\/wp-content\/uploads\/2025\/03\/menu-familias-300x300.png 300w, https:\/\/plantio.neoncloud.com.es\/wp-content\/uploads\/2025\/03\/menu-familias-150x150.png 150w\" sizes=\"(max-width: 512px) 100vw, 512px\" \/><\/a><\/figure><div class=\"elementor-image-box-content\"><h3 class=\"elementor-image-box-title\"><a href=\"\/en\/comedor\/\">Menu<\/a><\/h3><\/div><\/div>\t\t\t\t<\/div>\n\t\t\t\t<\/div>\n\t\t\t\t<\/div>\n\t\t\t\t\t<\/div>\n\t\t\t\t<\/div>\n\t\t<div class=\"elementor-element elementor-element-d7f5583 e-flex e-con-boxed e-con e-parent\" data-id=\"d7f5583\" data-element_type=\"container\" data-e-type=\"container\">\n\t\t\t\t\t<div class=\"e-con-inner\">\n\t\t<div class=\"elementor-element elementor-element-688645e e-con-full e-flex e-con e-child\" data-id=\"688645e\" data-element_type=\"container\" data-e-type=\"container\">\n\t\t\t\t<div class=\"elementor-element elementor-element-2ab9a66 elementor-position-top elementor-widget elementor-widget-image-box\" data-id=\"2ab9a66\" data-element_type=\"widget\" data-e-type=\"widget\" data-widget_type=\"image-box.default\">\n\t\t\t\t<div class=\"elementor-widget-container\">\n\t\t\t\t\t<div class=\"elementor-image-box-wrapper\"><figure class=\"elementor-image-box-img\"><a href=\"\/wp-content\/uploads\/2025\/03\/CATALOGO-EL-PLANTIO-2019-INGLES-ESPANOL.pdf\" tabindex=\"-1\"><img decoding=\"async\" width=\"512\" height=\"512\" src=\"https:\/\/plantio.neoncloud.com.es\/wp-content\/uploads\/2025\/03\/catalogo.png\" class=\"attachment-full size-full wp-image-7095\" alt=\"\" srcset=\"https:\/\/plantio.neoncloud.com.es\/wp-content\/uploads\/2025\/03\/catalogo.png 512w, https:\/\/plantio.neoncloud.com.es\/wp-content\/uploads\/2025\/03\/catalogo-300x300.png 300w, https:\/\/plantio.neoncloud.com.es\/wp-content\/uploads\/2025\/03\/catalogo-150x150.png 150w\" sizes=\"(max-width: 512px) 100vw, 512px\" \/><\/a><\/figure><div class=\"elementor-image-box-content\"><h3 class=\"elementor-image-box-title\"><a href=\"\/wp-content\/uploads\/2025\/03\/CATALOGO-EL-PLANTIO-2019-INGLES-ESPANOL.pdf\">Catalog<\/a><\/h3><\/div><\/div>\t\t\t\t<\/div>\n\t\t\t\t<\/div>\n\t\t\t\t<\/div>\n\t\t<div class=\"elementor-element elementor-element-f8b4268 e-con-full e-flex e-con e-child\" data-id=\"f8b4268\" data-element_type=\"container\" data-e-type=\"container\">\n\t\t\t\t<div class=\"elementor-element elementor-element-1d3cda3 elementor-position-top elementor-widget elementor-widget-image-box\" data-id=\"1d3cda3\" data-element_type=\"widget\" data-e-type=\"widget\" data-widget_type=\"image-box.default\">\n\t\t\t\t<div class=\"elementor-widget-container\">\n\t\t\t\t\t<div class=\"elementor-image-box-wrapper\"><figure class=\"elementor-image-box-img\"><a href=\"\/wp-content\/uploads\/2025\/03\/Rutas-bus-2024-2025.pdf\" tabindex=\"-1\"><img loading=\"lazy\" decoding=\"async\" width=\"512\" height=\"512\" src=\"https:\/\/plantio.neoncloud.com.es\/wp-content\/uploads\/2025\/03\/rutas-bus.png\" class=\"attachment-full size-full wp-image-7094\" alt=\"\" srcset=\"https:\/\/plantio.neoncloud.com.es\/wp-content\/uploads\/2025\/03\/rutas-bus.png 512w, https:\/\/plantio.neoncloud.com.es\/wp-content\/uploads\/2025\/03\/rutas-bus-300x300.png 300w, https:\/\/plantio.neoncloud.com.es\/wp-content\/uploads\/2025\/03\/rutas-bus-150x150.png 150w\" sizes=\"(max-width: 512px) 100vw, 512px\" \/><\/a><\/figure><div class=\"elementor-image-box-content\"><h3 class=\"elementor-image-box-title\"><a href=\"\/wp-content\/uploads\/2025\/03\/Rutas-bus-2024-2025.pdf\">Routes<\/a><\/h3><\/div><\/div>\t\t\t\t<\/div>\n\t\t\t\t<\/div>\n\t\t\t\t<\/div>\n\t\t<div class=\"elementor-element elementor-element-1a77d11 e-con-full e-flex e-con e-child\" data-id=\"1a77d11\" data-element_type=\"container\" data-e-type=\"container\">\n\t\t\t\t<div class=\"elementor-element elementor-element-789508f elementor-position-top elementor-widget elementor-widget-image-box\" data-id=\"789508f\" data-element_type=\"widget\" data-e-type=\"widget\" data-widget_type=\"image-box.default\">\n\t\t\t\t<div class=\"elementor-widget-container\">\n\t\t\t\t\t<div class=\"elementor-image-box-wrapper\"><figure class=\"elementor-image-box-img\"><a href=\"\/wp-content\/uploads\/2025\/03\/CARTA-A-FAMILIAS-1.pdf\" tabindex=\"-1\"><img loading=\"lazy\" decoding=\"async\" width=\"512\" height=\"512\" src=\"https:\/\/plantio.neoncloud.com.es\/wp-content\/uploads\/2025\/03\/asociacion-ampa.png\" class=\"attachment-full size-full wp-image-7093\" alt=\"\" srcset=\"https:\/\/plantio.neoncloud.com.es\/wp-content\/uploads\/2025\/03\/asociacion-ampa.png 512w, https:\/\/plantio.neoncloud.com.es\/wp-content\/uploads\/2025\/03\/asociacion-ampa-300x300.png 300w, https:\/\/plantio.neoncloud.com.es\/wp-content\/uploads\/2025\/03\/asociacion-ampa-150x150.png 150w\" sizes=\"(max-width: 512px) 100vw, 512px\" \/><\/a><\/figure><div class=\"elementor-image-box-content\"><h3 class=\"elementor-image-box-title\"><a href=\"\/wp-content\/uploads\/2025\/03\/CARTA-A-FAMILIAS-1.pdf\">Families Association<\/a><\/h3><\/div><\/div>\t\t\t\t<\/div>\n\t\t\t\t<\/div>\n\t\t\t\t<\/div>\n\t\t\t\t\t<\/div>\n\t\t\t\t<\/div>\n\t\t<div class=\"elementor-element elementor-element-7d46666 e-flex e-con-boxed e-con e-parent\" data-id=\"7d46666\" data-element_type=\"container\" data-e-type=\"container\">\n\t\t\t\t\t<div class=\"e-con-inner\">\n\t\t\t\t<div class=\"elementor-element elementor-element-9a728ff elementor-widget elementor-widget-spacer\" data-id=\"9a728ff\" data-element_type=\"widget\" data-e-type=\"widget\" data-widget_type=\"spacer.default\">\n\t\t\t\t<div class=\"elementor-widget-container\">\n\t\t\t\t\t\t\t<div class=\"elementor-spacer\">\n\t\t\t<div class=\"elementor-spacer-inner\"><\/div>\n\t\t<\/div>\n\t\t\t\t\t\t<\/div>\n\t\t\t\t<\/div>\n\t\t\t\t\t<\/div>\n\t\t\t\t<\/div>\n\t\t\t\t<\/div>","protected":false},"excerpt":{"rendered":"<p>Informaci\u00f3n a Familias Calendario Escolar Men\u00fa Cat\u00e1logo Rutas Asociaci\u00f3n de Familias<\/p>","protected":false},"author":1,"featured_media":0,"parent":0,"menu_order":0,"comment_status":"closed","ping_status":"closed","template":"","meta":{"site-sidebar-layout":"default","site-content-layout":"","ast-site-content-layout":"default","site-content-style":"default","site-sidebar-style":"default","ast-global-header-display":"","ast-banner-title-visibility":"","ast-main-header-display":"","ast-hfb-above-header-display":"","ast-hfb-below-header-display":"","ast-hfb-mobile-header-display":"","site-post-title":"","ast-breadcrumbs-content":"","ast-featured-img":"","footer-sml-layout":"","theme-transparent-header-meta":"","adv-header-id-meta":"","stick-header-meta":"","header-above-stick-meta":"","header-main-stick-meta":"","header-below-stick-meta":"","astra-migrate-meta-layouts":"default","ast-page-background-enabled":"default","ast-page-background-meta":{"desktop":{"background-color":"","background-image":"","background-repeat":"repeat","background-position":"center center","background-size":"auto","background-attachment":"scroll","background-type":"","background-media":"","overlay-type":"","overlay-color":"","overlay-opacity":"","overlay-gradient":""},"tablet":{"background-color":"","background-image":"","background-repeat":"repeat","background-position":"center center","background-size":"auto","background-attachment":"scroll","background-type":"","background-media":"","overlay-type":"","overlay-color":"","overlay-opacity":"","overlay-gradient":""},"mobile":{"background-color":"","background-image":"","background-repeat":"repeat","background-position":"center center","background-size":"auto","background-attachment":"scroll","background-type":"","background-media":"","overlay-type":"","overlay-color":"","overlay-opacity":"","overlay-gradient":""}},"ast-content-background-meta":{"desktop":{"background-color":"var(--ast-global-color-5)","background-image":"","background-repeat":"repeat","background-position":"center center","background-size":"auto","background-attachment":"scroll","background-type":"","background-media":"","overlay-type":"","overlay-color":"","overlay-opacity":"","overlay-gradient":""},"tablet":{"background-color":"var(--ast-global-color-5)","background-image":"","background-repeat":"repeat","background-position":"center center","background-size":"auto","background-attachment":"scroll","background-type":"","background-media":"","overlay-type":"","overlay-color":"","overlay-opacity":"","overlay-gradient":""},"mobile":{"background-color":"var(--ast-global-color-5)","background-image":"","background-repeat":"repeat","background-position":"center center","background-size":"auto","background-attachment":"scroll","background-type":"","background-media":"","overlay-type":"","overlay-color":"","overlay-opacity":"","overlay-gradient":""}},"footnotes":""},"class_list":["post-7090","page","type-page","status-publish","hentry"],"_links":{"self":[{"href":"https:\/\/plantio.neoncloud.com.es\/en\/wp-json\/wp\/v2\/pages\/7090","targetHints":{"allow":["GET"]}}],"collection":[{"href":"https:\/\/plantio.neoncloud.com.es\/en\/wp-json\/wp\/v2\/pages"}],"about":[{"href":"https:\/\/plantio.neoncloud.com.es\/en\/wp-json\/wp\/v2\/types\/page"}],"author":[{"embeddable":true,"href":"https:\/\/plantio.neoncloud.com.es\/en\/wp-json\/wp\/v2\/users\/1"}],"replies":[{"embeddable":true,"href":"https:\/\/plantio.neoncloud.com.es\/en\/wp-json\/wp\/v2\/comments?post=7090"}],"version-history":[{"count":17,"href":"https:\/\/plantio.neoncloud.com.es\/en\/wp-json\/wp\/v2\/pages\/7090\/revisions"}],"predecessor-version":[{"id":7118,"href":"https:\/\/plantio.neoncloud.com.es\/en\/wp-json\/wp\/v2\/pages\/7090\/revisions\/7118"}],"wp:attachment":[{"href":"https:\/\/plantio.neoncloud.com.es\/en\/wp-json\/wp\/v2\/media?parent=7090"}],"curies":[{"name":"wp","href":"https:\/\/api.w.org\/{rel}","templated":true}]}}