{"id":7242,"date":"2025-07-22T13:13:51","date_gmt":"2025-07-22T11:13:51","guid":{"rendered":"https:\/\/plantio.neoncloud.com.es\/?page_id=7242"},"modified":"2025-07-22T13:49:59","modified_gmt":"2025-07-22T11:49:59","slug":"curriculum-britanico","status":"publish","type":"page","link":"https:\/\/plantio.neoncloud.com.es\/en\/curriculum-britanico\/","title":{"rendered":"British Curriculum"},"content":{"rendered":"<div data-elementor-type=\"wp-page\" data-elementor-id=\"7242\" class=\"elementor elementor-7242\" data-elementor-post-type=\"page\">\n\t\t\t\t<div class=\"elementor-element elementor-element-0c86620 e-flex e-con-boxed e-con e-parent\" data-id=\"0c86620\" data-element_type=\"container\" data-e-type=\"container\" data-settings=\"{&quot;background_background&quot;:&quot;video&quot;,&quot;background_video_link&quot;:&quot;https:\\\/\\\/plantio.neoncloud.com.es\\\/wp-content\\\/uploads\\\/2024\\\/12\\\/perfil-de-salida-alumnado.mp4&quot;}\">\n\t\t\t\t\t<div class=\"e-con-inner\">\n\t\t<div class=\"elementor-background-video-container elementor-hidden-mobile\">\n\t\t\t\t\t\t\t<video class=\"elementor-background-video-hosted\" role=\"presentation\" autoplay muted playsinline loop><\/video>\n\t\t\t\t\t<\/div><div class=\"elementor-element elementor-element-3a1c350 e-con-full e-flex e-con e-child\" data-id=\"3a1c350\" data-element_type=\"container\" data-e-type=\"container\" data-settings=\"{&quot;position&quot;:&quot;absolute&quot;}\">\n\t\t\t\t<div class=\"elementor-element elementor-element-54ef2b1 e-grid-align-right elementor-shape-rounded elementor-grid-0 elementor-widget elementor-widget-social-icons\" data-id=\"54ef2b1\" data-element_type=\"widget\" data-e-type=\"widget\" data-widget_type=\"social-icons.default\">\n\t\t\t\t<div class=\"elementor-widget-container\">\n\t\t\t\t\t\t\t<div class=\"elementor-social-icons-wrapper elementor-grid\" role=\"list\">\n\t\t\t\t\t\t\t<span class=\"elementor-grid-item\" role=\"listitem\">\n\t\t\t\t\t<a class=\"elementor-icon elementor-social-icon elementor-social-icon-instagram elementor-repeater-item-31a8125\" href=\"https:\/\/www.instagram.com\/el_plantio_isv\/\" target=\"_blank\">\n\t\t\t\t\t\t<span class=\"elementor-screen-only\">Instagram<\/span>\n\t\t\t\t\t\t<svg aria-hidden=\"true\" class=\"e-font-icon-svg e-fab-instagram\" viewbox=\"0 0 448 512\" xmlns=\"http:\/\/www.w3.org\/2000\/svg\"><path d=\"M224.1 141c-63.6 0-114.9 51.3-114.9 114.9s51.3 114.9 114.9 114.9S339 319.5 339 255.9 287.7 141 224.1 141zm0 189.6c-41.1 0-74.7-33.5-74.7-74.7s33.5-74.7 74.7-74.7 74.7 33.5 74.7 74.7-33.6 74.7-74.7 74.7zm146.4-194.3c0 14.9-12 26.8-26.8 26.8-14.9 0-26.8-12-26.8-26.8s12-26.8 26.8-26.8 26.8 12 26.8 26.8zm76.1 27.2c-1.7-35.9-9.9-67.7-36.2-93.9-26.2-26.2-58-34.4-93.9-36.2-37-2.1-147.9-2.1-184.9 0-35.8 1.7-67.6 9.9-93.9 36.1s-34.4 58-36.2 93.9c-2.1 37-2.1 147.9 0 184.9 1.7 35.9 9.9 67.7 36.2 93.9s58 34.4 93.9 36.2c37 2.1 147.9 2.1 184.9 0 35.9-1.7 67.7-9.9 93.9-36.2 26.2-26.2 34.4-58 36.2-93.9 2.1-37 2.1-147.8 0-184.8zM398.8 388c-7.8 19.6-22.9 34.7-42.6 42.6-29.5 11.7-99.5 9-132.1 9s-102.7 2.6-132.1-9c-19.6-7.8-34.7-22.9-42.6-42.6-11.7-29.5-9-99.5-9-132.1s-2.6-102.7 9-132.1c7.8-19.6 22.9-34.7 42.6-42.6 29.5-11.7 99.5-9 132.1-9s102.7-2.6 132.1 9c19.6 7.8 34.7 22.9 42.6 42.6 11.7 29.5 9 99.5 9 132.1s2.7 102.7-9 132.1z\"><\/path><\/svg>\t\t\t\t\t<\/a>\n\t\t\t\t<\/span>\n\t\t\t\t\t\t\t<span class=\"elementor-grid-item\" role=\"listitem\">\n\t\t\t\t\t<a class=\"elementor-icon elementor-social-icon elementor-social-icon-facebook elementor-repeater-item-c6d97c7\" href=\"https:\/\/www.facebook.com\/plantiointernationalschool\/\" target=\"_blank\">\n\t\t\t\t\t\t<span class=\"elementor-screen-only\">Facebook<\/span>\n\t\t\t\t\t\t<svg aria-hidden=\"true\" class=\"e-font-icon-svg e-fab-facebook\" viewbox=\"0 0 512 512\" xmlns=\"http:\/\/www.w3.org\/2000\/svg\"><path d=\"M504 256C504 119 393 8 256 8S8 119 8 256c0 123.78 90.69 226.38 209.25 245V327.69h-63V256h63v-54.64c0-62.15 37-96.48 93.67-96.48 27.14 0 55.52 4.84 55.52 4.84v61h-31.28c-30.8 0-40.41 19.12-40.41 38.73V256h68.78l-11 71.69h-57.78V501C413.31 482.38 504 379.78 504 256z\"><\/path><\/svg>\t\t\t\t\t<\/a>\n\t\t\t\t<\/span>\n\t\t\t\t\t\t\t<span class=\"elementor-grid-item\" role=\"listitem\">\n\t\t\t\t\t<a class=\"elementor-icon elementor-social-icon elementor-social-icon-envelope elementor-repeater-item-7a4819d\" href=\"mailto:secretaria2@plantiointernational.com\" target=\"_blank\">\n\t\t\t\t\t\t<span class=\"elementor-screen-only\">Envelope<\/span>\n\t\t\t\t\t\t<svg aria-hidden=\"true\" class=\"e-font-icon-svg e-far-envelope\" viewbox=\"0 0 512 512\" xmlns=\"http:\/\/www.w3.org\/2000\/svg\"><path d=\"M464 64H48C21.49 64 0 85.49 0 112v288c0 26.51 21.49 48 48 48h416c26.51 0 48-21.49 48-48V112c0-26.51-21.49-48-48-48zm0 48v40.805c-22.422 18.259-58.168 46.651-134.587 106.49-16.841 13.247-50.201 45.072-73.413 44.701-23.208.375-56.579-31.459-73.413-44.701C106.18 199.465 70.425 171.067 48 152.805V112h416zM48 400V214.398c22.914 18.251 55.409 43.862 104.938 82.646 21.857 17.205 60.134 55.186 103.062 54.955 42.717.231 80.509-37.199 103.053-54.947 49.528-38.783 82.032-64.401 104.947-82.653V400H48z\"><\/path><\/svg>\t\t\t\t\t<\/a>\n\t\t\t\t<\/span>\n\t\t\t\t\t\t\t<span class=\"elementor-grid-item\" role=\"listitem\">\n\t\t\t\t\t<a class=\"elementor-icon elementor-social-icon elementor-social-icon-youtube elementor-repeater-item-87e43a7\" target=\"_blank\">\n\t\t\t\t\t\t<span class=\"elementor-screen-only\">YouTube<\/span>\n\t\t\t\t\t\t<svg aria-hidden=\"true\" class=\"e-font-icon-svg e-fab-youtube\" viewbox=\"0 0 576 512\" xmlns=\"http:\/\/www.w3.org\/2000\/svg\"><path d=\"M549.655 124.083c-6.281-23.65-24.787-42.276-48.284-48.597C458.781 64 288 64 288 64S117.22 64 74.629 75.486c-23.497 6.322-42.003 24.947-48.284 48.597-11.412 42.867-11.412 132.305-11.412 132.305s0 89.438 11.412 132.305c6.281 23.65 24.787 41.5 48.284 47.821C117.22 448 288 448 288 448s170.78 0 213.371-11.486c23.497-6.321 42.003-24.171 48.284-47.821 11.412-42.867 11.412-132.305 11.412-132.305s0-89.438-11.412-132.305zm-317.51 213.508V175.185l142.739 81.205-142.739 81.201z\"><\/path><\/svg>\t\t\t\t\t<\/a>\n\t\t\t\t<\/span>\n\t\t\t\t\t<\/div>\n\t\t\t\t\t\t<\/div>\n\t\t\t\t<\/div>\n\t\t\t\t<\/div>\n\t\t\t\t<div class=\"elementor-element elementor-element-7bfa5c6 elementor-widget elementor-widget-heading\" data-id=\"7bfa5c6\" data-element_type=\"widget\" data-e-type=\"widget\" data-widget_type=\"heading.default\">\n\t\t\t\t<div class=\"elementor-widget-container\">\n\t\t\t\t\t<h1 class=\"elementor-heading-title elementor-size-default\">British Curriculum vs. Spanish Curriculum<\/h1>\t\t\t\t<\/div>\n\t\t\t\t<\/div>\n\t\t\t\t<div class=\"elementor-element elementor-element-04c8657 elementor-widget elementor-widget-heading\" data-id=\"04c8657\" data-element_type=\"widget\" data-e-type=\"widget\" data-widget_type=\"heading.default\">\n\t\t\t\t<div class=\"elementor-widget-container\">\n\t\t\t\t\t<div class=\"elementor-heading-title elementor-size-default\">Compare the resumes<\/div>\t\t\t\t<\/div>\n\t\t\t\t<\/div>\n\t\t\t\t\t<\/div>\n\t\t\t\t<\/div>\n\t\t<div class=\"elementor-element elementor-element-19ed66b e-flex e-con-boxed e-con e-parent\" data-id=\"19ed66b\" data-element_type=\"container\" data-e-type=\"container\" data-settings=\"{&quot;background_background&quot;:&quot;classic&quot;}\">\n\t\t\t\t\t<div class=\"e-con-inner\">\n\t\t\t\t<div class=\"elementor-element elementor-element-0cb3d38 elementor-widget elementor-widget-html\" data-id=\"0cb3d38\" data-element_type=\"widget\" data-e-type=\"widget\" data-widget_type=\"html.default\">\n\t\t\t\t<div class=\"elementor-widget-container\">\n\t\t\t\t\t<!DOCTYPE html>\n<html lang=\"es\">\n<head>\n  <meta charset=\"UTF-8\">\n  <meta name=\"viewport\" content=\"width=device-width, initial-scale=1\">\n  <title>Equivalencia de Sistemas Educativos<\/title>\n  <link href=\"https:\/\/cdn.jsdelivr.net\/npm\/bootstrap@5.3.0\/dist\/css\/bootstrap.min.css\" rel=\"stylesheet\">\n\n<\/head>\n<body class=\"p-4\">\n\n  <div class=\"text-center\">\n    <h2 class=\"my-3\">Equivalence between the British System and the Spanish System<\/h2>\n  <\/div>\n\n  <div class=\"table-responsive\">\n    <table class=\"table table-bordered text-center align-middle\">\n      <thead>\n        <tr>\n          <th>AGES<\/th>\n          <th>BRITISH SYSTEM<\/th>\n          <th><\/th>\n          <th>SPANISH SYSTEM<\/th>\n          <th><\/th>\n        <\/tr>\n      <\/thead>\n      <tbody>\n        <tr>\n          <td>3-4<\/td>\n          <td class=\"british-stage\">NURSERY<\/td>\n          <td class=\"stage-title-british\" rowspan=\"2\">FOUNDATION STAGE<\/td>\n          <td class=\"spanish-stage\">1st YEAR OF CHILDREN<\/td>\n          <td class=\"stage-title-spanish\" rowspan=\"3\">CHILDREN&#039;S<\/td>\n        <\/tr>\n        <tr>\n          <td>4-5<\/td>\n          <td class=\"british-stage\">RECEPTION<\/td>\n          <td class=\"spanish-stage\">2nd YEAR OF CHILDREN<\/td>\n        <\/tr>\n        <tr>\n          <td>5-6<\/td>\n          <td class=\"british-stage\">YEAR 1<\/td>\n          <td class=\"stage-title-british\" rowspan=\"2\">KEY STAGE 1<br>PRIMARY EDUCATION<\/td>\n          <td class=\"spanish-stage\">3rd Grade Infant<\/td>\n        <\/tr>\n        <tr>\n          <td>6-7<\/td>\n          <td class=\"british-stage\">YEAR 2<\/td>\n          <td class=\"spanish-stage\">1st GRADE<\/td>\n          <td class=\"stage-title-spanish\" rowspan=\"6\">PRIMARY<\/td>\n        <\/tr>\n        <tr>\n          <td>7-8<\/td>\n          <td class=\"british-stage\">YEAR 3<\/td>\n          <td class=\"stage-title-british\" rowspan=\"4\">KEY STAGE 2<\/td>\n          <td class=\"spanish-stage\">2nd GRADE<\/td>\n        <\/tr>\n        <tr>\n          <td>8-9<\/td>\n          <td class=\"british-stage\">YEAR 4<\/td>\n          <td class=\"spanish-stage\">3rd GRADE<\/td>\n        <\/tr>\n        <tr>\n          <td>9-10<\/td>\n          <td class=\"british-stage\">YEAR 5<\/td>\n          <td class=\"spanish-stage\">4th GRADE<\/td>\n        <\/tr>\n        <tr>\n          <td>10-11<\/td>\n          <td class=\"british-stage\">YEAR 6<\/td>\n          <td class=\"spanish-stage\">5th GRADE<\/td>\n        <\/tr>\n        <tr>\n          <td>11-12<\/td>\n          <td class=\"british-stage\">YEAR 7<\/td>\n          <td class=\"stage-title-british\" rowspan=\"3\">KEY STAGE 3<br>SECONDARY EDUCATION<\/td>\n          <td class=\"spanish-stage\">6th GRADE<\/td>\n        <\/tr>\n        <tr>\n          <td>12-13<\/td>\n          <td class=\"british-stage\">YEAR 8<\/td>\n          <td class=\"spanish-stage\">1st year of ESO (Compulsory Secondary Education)<\/td>\n          <td class=\"stage-title-spanish\" rowspan=\"4\">THAT<\/td>\n        <\/tr>\n        <tr>\n          <td>13-14<\/td>\n          <td class=\"british-stage\">YEAR 9<\/td>\n          <td class=\"spanish-stage\">2nd year of ESO (Compulsory Secondary Education)<\/td>\n        <\/tr>\n        <tr>\n          <td>14-15<\/td>\n          <td class=\"british-stage\">YEAR 10<\/td>\n          <td class=\"stage-title-british\" rowspan=\"2\">KEY STAGE 4<\/td>\n          <td class=\"spanish-stage\">3rd year of ESO (Compulsory Secondary Education)<\/td>\n        <\/tr>\n        <tr>\n          <td>15-16<\/td>\n          <td class=\"british-stage\">YEAR 11<\/td>\n          <td class=\"spanish-stage\">4th year of ESO (Compulsory Secondary Education)<\/td>\n        <\/tr>\n        <tr>\n          <td>16-17<\/td>\n          <td class=\"british-stage\">YEAR 12<\/td>\n          <td class=\"stage-title-british\" rowspan=\"2\">KEY STAGE 5<br>SIXTH FORM<\/td>\n          <td class=\"spanish-stage\">1st YEAR OF HIGH SCHOOL<\/td>\n          <td class=\"stage-title-spanish\" rowspan=\"2\">BACCALAUREATE<\/td>\n        <\/tr>\n        <tr>\n          <td>17-18<\/td>\n          <td class=\"british-stage\">YEAR 13<\/td>\n          <td class=\"spanish-stage\">2nd YEAR OF HIGH SCHOOL<\/td>\n        <\/tr>\n      <\/tbody>\n    <\/table>\n  <\/div>\n\n<\/body>\n<\/html>\n\t\t\t\t<\/div>\n\t\t\t\t<\/div>\n\t\t\t\t\t<\/div>\n\t\t\t\t<\/div>\n\t\t<div class=\"elementor-element elementor-element-66be768 e-flex e-con-boxed e-con e-parent\" data-id=\"66be768\" data-element_type=\"container\" data-e-type=\"container\">\n\t\t\t\t\t<div class=\"e-con-inner\">\n\t\t\t\t<div class=\"elementor-element elementor-element-8512464 elementor-widget elementor-widget-spacer\" data-id=\"8512464\" data-element_type=\"widget\" data-e-type=\"widget\" data-widget_type=\"spacer.default\">\n\t\t\t\t<div class=\"elementor-widget-container\">\n\t\t\t\t\t\t\t<div class=\"elementor-spacer\">\n\t\t\t<div class=\"elementor-spacer-inner\"><\/div>\n\t\t<\/div>\n\t\t\t\t\t\t<\/div>\n\t\t\t\t<\/div>\n\t\t\t\t\t<\/div>\n\t\t\t\t<\/div>\n\t\t\t\t<\/div>","protected":false},"excerpt":{"rendered":"<p>Instagram Facebook Envelope Youtube Curr\u00edculum Brit\u00e1nico frente al Espa\u00f1ol Compara los curr\u00edculums Equivalencia de Sistemas Educativos Equivalencia entre el Sistema Brit\u00e1nico y el Sistema Espa\u00f1ol EDADES SISTEMA BRIT\u00c1NICO SISTEMA ESPA\u00d1OL 3-4 NURSERY FOUNDATION STAGE 1\u00ba INFANTIL INFANTIL 4-5 RECEPTION 2\u00ba INFANTIL 5-6 YEAR 1 KEY STAGE 1PRIMARY EDUCATION 3\u00ba INFANTIL 6-7 YEAR 2 1\u00ba PRIMARIA [&hellip;]<\/p>","protected":false},"author":1,"featured_media":0,"parent":0,"menu_order":0,"comment_status":"closed","ping_status":"closed","template":"","meta":{"site-sidebar-layout":"default","site-content-layout":"","ast-site-content-layout":"default","site-content-style":"default","site-sidebar-style":"default","ast-global-header-display":"","ast-banner-title-visibility":"","ast-main-header-display":"","ast-hfb-above-header-display":"","ast-hfb-below-header-display":"","ast-hfb-mobile-header-display":"","site-post-title":"","ast-breadcrumbs-content":"","ast-featured-img":"","footer-sml-layout":"","theme-transparent-header-meta":"","adv-header-id-meta":"","stick-header-meta":"","header-above-stick-meta":"","header-main-stick-meta":"","header-below-stick-meta":"","astra-migrate-meta-layouts":"default","ast-page-background-enabled":"default","ast-page-background-meta":{"desktop":{"background-color":"","background-image":"","background-repeat":"repeat","background-position":"center center","background-size":"auto","background-attachment":"scroll","background-type":"","background-media":"","overlay-type":"","overlay-color":"","overlay-opacity":"","overlay-gradient":""},"tablet":{"background-color":"","background-image":"","background-repeat":"repeat","background-position":"center center","background-size":"auto","background-attachment":"scroll","background-type":"","background-media":"","overlay-type":"","overlay-color":"","overlay-opacity":"","overlay-gradient":""},"mobile":{"background-color":"","background-image":"","background-repeat":"repeat","background-position":"center center","background-size":"auto","background-attachment":"scroll","background-type":"","background-media":"","overlay-type":"","overlay-color":"","overlay-opacity":"","overlay-gradient":""}},"ast-content-background-meta":{"desktop":{"background-color":"var(--ast-global-color-5)","background-image":"","background-repeat":"repeat","background-position":"center center","background-size":"auto","background-attachment":"scroll","background-type":"","background-media":"","overlay-type":"","overlay-color":"","overlay-opacity":"","overlay-gradient":""},"tablet":{"background-color":"var(--ast-global-color-5)","background-image":"","background-repeat":"repeat","background-position":"center center","background-size":"auto","background-attachment":"scroll","background-type":"","background-media":"","overlay-type":"","overlay-color":"","overlay-opacity":"","overlay-gradient":""},"mobile":{"background-color":"var(--ast-global-color-5)","background-image":"","background-repeat":"repeat","background-position":"center center","background-size":"auto","background-attachment":"scroll","background-type":"","background-media":"","overlay-type":"","overlay-color":"","overlay-opacity":"","overlay-gradient":""}},"footnotes":""},"class_list":["post-7242","page","type-page","status-publish","hentry"],"_links":{"self":[{"href":"https:\/\/plantio.neoncloud.com.es\/en\/wp-json\/wp\/v2\/pages\/7242","targetHints":{"allow":["GET"]}}],"collection":[{"href":"https:\/\/plantio.neoncloud.com.es\/en\/wp-json\/wp\/v2\/pages"}],"about":[{"href":"https:\/\/plantio.neoncloud.com.es\/en\/wp-json\/wp\/v2\/types\/page"}],"author":[{"embeddable":true,"href":"https:\/\/plantio.neoncloud.com.es\/en\/wp-json\/wp\/v2\/users\/1"}],"replies":[{"embeddable":true,"href":"https:\/\/plantio.neoncloud.com.es\/en\/wp-json\/wp\/v2\/comments?post=7242"}],"version-history":[{"count":10,"href":"https:\/\/plantio.neoncloud.com.es\/en\/wp-json\/wp\/v2\/pages\/7242\/revisions"}],"predecessor-version":[{"id":7253,"href":"https:\/\/plantio.neoncloud.com.es\/en\/wp-json\/wp\/v2\/pages\/7242\/revisions\/7253"}],"wp:attachment":[{"href":"https:\/\/plantio.neoncloud.com.es\/en\/wp-json\/wp\/v2\/media?parent=7242"}],"curies":[{"name":"wp","href":"https:\/\/api.w.org\/{rel}","templated":true}]}}