{"id":7261,"date":"2025-10-25T16:58:46","date_gmt":"2025-10-25T14:58:46","guid":{"rendered":"https:\/\/plantio.neoncloud.com.es\/?page_id=7261"},"modified":"2025-10-25T17:50:12","modified_gmt":"2025-10-25T15:50:12","slug":"educacion-secundaria-2","status":"publish","type":"page","link":"https:\/\/plantio.neoncloud.com.es\/en\/educacion-secundaria-2\/","title":{"rendered":"Secondary Education"},"content":{"rendered":"<div data-elementor-type=\"wp-page\" data-elementor-id=\"7261\" class=\"elementor elementor-7261\" data-elementor-post-type=\"page\">\n\t\t\t\t<div class=\"elementor-element elementor-element-4631e5b e-con-full e-flex e-con e-parent\" data-id=\"4631e5b\" data-element_type=\"container\" data-e-type=\"container\" data-settings=\"{&quot;background_background&quot;:&quot;video&quot;,&quot;background_video_link&quot;:&quot;\\\/wp-content\\\/uploads\\\/2025\\\/10\\\/secondary-01.mp4&quot;}\">\n\t\t<div class=\"elementor-background-video-container elementor-hidden-mobile\">\n\t\t\t\t\t\t\t<video class=\"elementor-background-video-hosted\" role=\"presentation\" autoplay muted playsinline loop><\/video>\n\t\t\t\t\t<\/div>\t\t<div class=\"elementor-element elementor-element-f27edcf elementor-widget elementor-widget-heading\" data-id=\"f27edcf\" data-element_type=\"widget\" data-e-type=\"widget\" data-widget_type=\"heading.default\">\n\t\t\t\t<div class=\"elementor-widget-container\">\n\t\t\t\t\t<h2 class=\"elementor-heading-title elementor-size-default\">Compulsory Secondary Education in English, Secondary Education\n<br>\n(Students aged 11 to 16)<\/h2>\t\t\t\t<\/div>\n\t\t\t\t<\/div>\n\t\t\t\t<\/div>\n\t\t<div class=\"elementor-element elementor-element-2d6bfef4 e-flex e-con-boxed e-con e-parent\" data-id=\"2d6bfef4\" data-element_type=\"container\" data-e-type=\"container\">\n\t\t\t\t\t<div class=\"e-con-inner\">\n\t\t\t\t<div class=\"elementor-element elementor-element-38d7412 elementor-widget elementor-widget-spacer\" data-id=\"38d7412\" data-element_type=\"widget\" data-e-type=\"widget\" data-widget_type=\"spacer.default\">\n\t\t\t\t<div class=\"elementor-widget-container\">\n\t\t\t\t\t\t\t<div class=\"elementor-spacer\">\n\t\t\t<div class=\"elementor-spacer-inner\"><\/div>\n\t\t<\/div>\n\t\t\t\t\t\t<\/div>\n\t\t\t\t<\/div>\n\t\t\t\t<div class=\"elementor-element elementor-element-bc2531c elementor-widget elementor-widget-text-editor\" data-id=\"bc2531c\" data-element_type=\"widget\" data-e-type=\"widget\" data-widget_type=\"text-editor.default\">\n\t\t\t\t<div class=\"elementor-widget-container\">\n\t\t\t\t\t\t\t\t\t<p>Compulsory Secondary Education in English brings your children closer to a <strong>educational system that teaches in a practical way<\/strong>, Therefore, it is expected that he will be able to demonstrate, practically as well, what he has learned.<\/p>\t\t\t\t\t\t\t\t<\/div>\n\t\t\t\t<\/div>\n\t\t\t\t<div class=\"elementor-element elementor-element-e2177c9 elementor-widget elementor-widget-image\" data-id=\"e2177c9\" data-element_type=\"widget\" data-e-type=\"widget\" data-widget_type=\"image.default\">\n\t\t\t\t<div class=\"elementor-widget-container\">\n\t\t\t\t\t\t\t\t\t\t\t\t\t\t\t<img fetchpriority=\"high\" decoding=\"async\" width=\"1536\" height=\"546\" src=\"https:\/\/plantio.neoncloud.com.es\/wp-content\/uploads\/2025\/10\/secondary-hori-1536x546.jpg\" class=\"attachment-1536x1536 size-1536x1536 wp-image-7276\" alt=\"\" srcset=\"https:\/\/plantio.neoncloud.com.es\/wp-content\/uploads\/2025\/10\/secondary-hori-1536x546.jpg 1536w, https:\/\/plantio.neoncloud.com.es\/wp-content\/uploads\/2025\/10\/secondary-hori-300x107.jpg 300w, https:\/\/plantio.neoncloud.com.es\/wp-content\/uploads\/2025\/10\/secondary-hori-1024x364.jpg 1024w, https:\/\/plantio.neoncloud.com.es\/wp-content\/uploads\/2025\/10\/secondary-hori-768x273.jpg 768w, https:\/\/plantio.neoncloud.com.es\/wp-content\/uploads\/2025\/10\/secondary-hori-2048x728.jpg 2048w\" sizes=\"(max-width: 1536px) 100vw, 1536px\" \/>\t\t\t\t\t\t\t\t\t\t\t\t\t\t\t<\/div>\n\t\t\t\t<\/div>\n\t\t\t\t<div class=\"elementor-element elementor-element-508fe6b elementor-widget elementor-widget-spacer\" data-id=\"508fe6b\" data-element_type=\"widget\" data-e-type=\"widget\" data-widget_type=\"spacer.default\">\n\t\t\t\t<div class=\"elementor-widget-container\">\n\t\t\t\t\t\t\t<div class=\"elementor-spacer\">\n\t\t\t<div class=\"elementor-spacer-inner\"><\/div>\n\t\t<\/div>\n\t\t\t\t\t\t<\/div>\n\t\t\t\t<\/div>\n\t\t\t\t<div class=\"elementor-element elementor-element-5449b20 elementor-widget elementor-widget-text-editor\" data-id=\"5449b20\" data-element_type=\"widget\" data-e-type=\"widget\" data-widget_type=\"text-editor.default\">\n\t\t\t\t<div class=\"elementor-widget-container\">\n\t\t\t\t\t\t\t\t\t<p>Students can work individually\u00a0<strong>developing self-learning techniques<\/strong>\u00a0or in a group\u00a0<strong>promoting tolerance and respect<\/strong>\u00a0towards the rest of his classmates.<\/p>\t\t\t\t\t\t\t\t<\/div>\n\t\t\t\t<\/div>\n\t\t\t\t<div class=\"elementor-element elementor-element-dff3ae9 elementor-widget elementor-widget-spacer\" data-id=\"dff3ae9\" data-element_type=\"widget\" data-e-type=\"widget\" data-widget_type=\"spacer.default\">\n\t\t\t\t<div class=\"elementor-widget-container\">\n\t\t\t\t\t\t\t<div class=\"elementor-spacer\">\n\t\t\t<div class=\"elementor-spacer-inner\"><\/div>\n\t\t<\/div>\n\t\t\t\t\t\t<\/div>\n\t\t\t\t<\/div>\n\t\t\t\t<div class=\"elementor-element elementor-element-84f3eaa elementor-widget elementor-widget-gallery\" data-id=\"84f3eaa\" data-element_type=\"widget\" data-e-type=\"widget\" data-settings=\"{&quot;gap&quot;:{&quot;unit&quot;:&quot;px&quot;,&quot;size&quot;:20,&quot;sizes&quot;:[]},&quot;lazyload&quot;:&quot;yes&quot;,&quot;gallery_layout&quot;:&quot;grid&quot;,&quot;columns&quot;:4,&quot;columns_tablet&quot;:2,&quot;columns_mobile&quot;:1,&quot;gap_tablet&quot;:{&quot;unit&quot;:&quot;px&quot;,&quot;size&quot;:10,&quot;sizes&quot;:[]},&quot;gap_mobile&quot;:{&quot;unit&quot;:&quot;px&quot;,&quot;size&quot;:10,&quot;sizes&quot;:[]},&quot;link_to&quot;:&quot;file&quot;,&quot;aspect_ratio&quot;:&quot;3:2&quot;,&quot;overlay_background&quot;:&quot;yes&quot;,&quot;content_hover_animation&quot;:&quot;fade-in&quot;}\" data-widget_type=\"gallery.default\">\n\t\t\t\t<div class=\"elementor-widget-container\">\n\t\t\t\t\t\t\t<div class=\"elementor-gallery__container\">\n\t\t\t\t\t\t\t<a class=\"e-gallery-item elementor-gallery-item elementor-animated-content\" href=\"https:\/\/plantio.neoncloud.com.es\/wp-content\/uploads\/2025\/10\/secondary-isv-el-plantio1.jpg\" data-elementor-open-lightbox=\"yes\" data-elementor-lightbox-slideshow=\"84f3eaa\" data-elementor-lightbox-title=\"secondary isv el plantio1\" data-e-action-hash=\"#elementor-action%3Aaction%3Dlightbox%26settings%3DeyJpZCI6NzI3NywidXJsIjoiaHR0cHM6XC9cL3BsYW50aW8ubmVvbmNsb3VkLmNvbS5lc1wvd3AtY29udGVudFwvdXBsb2Fkc1wvMjAyNVwvMTBcL3NlY29uZGFyeS1pc3YtZWwtcGxhbnRpbzEuanBnIiwic2xpZGVzaG93IjoiODRmM2VhYSJ9\">\n\t\t\t\t\t<div class=\"e-gallery-image elementor-gallery-item__image\" data-thumbnail=\"https:\/\/plantio.neoncloud.com.es\/wp-content\/uploads\/2025\/10\/secondary-isv-el-plantio1-300x225.jpg\" data-width=\"300\" data-height=\"225\" aria-label=\"\" role=\"img\" ><\/div>\n\t\t\t\t\t\t\t\t\t\t\t<div class=\"elementor-gallery-item__overlay\"><\/div>\n\t\t\t\t\t\t\t\t\t\t\t\t\t\t<\/a>\n\t\t\t\t\t\t\t<a class=\"e-gallery-item elementor-gallery-item elementor-animated-content\" href=\"https:\/\/plantio.neoncloud.com.es\/wp-content\/uploads\/2025\/10\/secondary-isv-el-plantio2.jpg\" data-elementor-open-lightbox=\"yes\" data-elementor-lightbox-slideshow=\"84f3eaa\" data-elementor-lightbox-title=\"secondary isv el plantio2\" data-e-action-hash=\"#elementor-action%3Aaction%3Dlightbox%26settings%3DeyJpZCI6NzI3OCwidXJsIjoiaHR0cHM6XC9cL3BsYW50aW8ubmVvbmNsb3VkLmNvbS5lc1wvd3AtY29udGVudFwvdXBsb2Fkc1wvMjAyNVwvMTBcL3NlY29uZGFyeS1pc3YtZWwtcGxhbnRpbzIuanBnIiwic2xpZGVzaG93IjoiODRmM2VhYSJ9\">\n\t\t\t\t\t<div class=\"e-gallery-image elementor-gallery-item__image\" data-thumbnail=\"https:\/\/plantio.neoncloud.com.es\/wp-content\/uploads\/2025\/10\/secondary-isv-el-plantio2-300x225.jpg\" data-width=\"300\" data-height=\"225\" aria-label=\"\" role=\"img\" ><\/div>\n\t\t\t\t\t\t\t\t\t\t\t<div class=\"elementor-gallery-item__overlay\"><\/div>\n\t\t\t\t\t\t\t\t\t\t\t\t\t\t<\/a>\n\t\t\t\t\t\t\t<a class=\"e-gallery-item elementor-gallery-item elementor-animated-content\" href=\"https:\/\/plantio.neoncloud.com.es\/wp-content\/uploads\/2025\/10\/secondary-isv-el-plantio3.jpg\" data-elementor-open-lightbox=\"yes\" data-elementor-lightbox-slideshow=\"84f3eaa\" data-elementor-lightbox-title=\"secondary isv el plantio3\" data-e-action-hash=\"#elementor-action%3Aaction%3Dlightbox%26settings%3DeyJpZCI6NzI3OSwidXJsIjoiaHR0cHM6XC9cL3BsYW50aW8ubmVvbmNsb3VkLmNvbS5lc1wvd3AtY29udGVudFwvdXBsb2Fkc1wvMjAyNVwvMTBcL3NlY29uZGFyeS1pc3YtZWwtcGxhbnRpbzMuanBnIiwic2xpZGVzaG93IjoiODRmM2VhYSJ9\">\n\t\t\t\t\t<div class=\"e-gallery-image elementor-gallery-item__image\" data-thumbnail=\"https:\/\/plantio.neoncloud.com.es\/wp-content\/uploads\/2025\/10\/secondary-isv-el-plantio3-300x225.jpg\" data-width=\"300\" data-height=\"225\" aria-label=\"\" role=\"img\" ><\/div>\n\t\t\t\t\t\t\t\t\t\t\t<div class=\"elementor-gallery-item__overlay\"><\/div>\n\t\t\t\t\t\t\t\t\t\t\t\t\t\t<\/a>\n\t\t\t\t\t\t\t<a class=\"e-gallery-item elementor-gallery-item elementor-animated-content\" href=\"https:\/\/plantio.neoncloud.com.es\/wp-content\/uploads\/2025\/10\/secondary-isv-el-plantio4.jpg\" data-elementor-open-lightbox=\"yes\" data-elementor-lightbox-slideshow=\"84f3eaa\" data-elementor-lightbox-title=\"secondary isv el plantio4\" data-e-action-hash=\"#elementor-action%3Aaction%3Dlightbox%26settings%3DeyJpZCI6NzI4MCwidXJsIjoiaHR0cHM6XC9cL3BsYW50aW8ubmVvbmNsb3VkLmNvbS5lc1wvd3AtY29udGVudFwvdXBsb2Fkc1wvMjAyNVwvMTBcL3NlY29uZGFyeS1pc3YtZWwtcGxhbnRpbzQuanBnIiwic2xpZGVzaG93IjoiODRmM2VhYSJ9\">\n\t\t\t\t\t<div class=\"e-gallery-image elementor-gallery-item__image\" data-thumbnail=\"https:\/\/plantio.neoncloud.com.es\/wp-content\/uploads\/2025\/10\/secondary-isv-el-plantio4-300x225.jpg\" data-width=\"300\" data-height=\"225\" aria-label=\"\" role=\"img\" ><\/div>\n\t\t\t\t\t\t\t\t\t\t\t<div class=\"elementor-gallery-item__overlay\"><\/div>\n\t\t\t\t\t\t\t\t\t\t\t\t\t\t<\/a>\n\t\t\t\t\t<\/div>\n\t\t\t\t\t<\/div>\n\t\t\t\t<\/div>\n\t\t\t\t<div class=\"elementor-element elementor-element-f92e91c elementor-widget elementor-widget-spacer\" data-id=\"f92e91c\" data-element_type=\"widget\" data-e-type=\"widget\" data-widget_type=\"spacer.default\">\n\t\t\t\t<div class=\"elementor-widget-container\">\n\t\t\t\t\t\t\t<div class=\"elementor-spacer\">\n\t\t\t<div class=\"elementor-spacer-inner\"><\/div>\n\t\t<\/div>\n\t\t\t\t\t\t<\/div>\n\t\t\t\t<\/div>\n\t\t\t\t<div class=\"elementor-element elementor-element-3e9a287 elementor-widget elementor-widget-heading\" data-id=\"3e9a287\" data-element_type=\"widget\" data-e-type=\"widget\" data-widget_type=\"heading.default\">\n\t\t\t\t<div class=\"elementor-widget-container\">\n\t\t\t\t\t<h2 class=\"elementor-heading-title elementor-size-default\">Active Methodologies<\/h2>\t\t\t\t<\/div>\n\t\t\t\t<\/div>\n\t\t\t\t\t<\/div>\n\t\t\t\t<\/div>\n\t\t<div class=\"elementor-element elementor-element-f6ed54a e-flex e-con-boxed e-con e-parent\" data-id=\"f6ed54a\" data-element_type=\"container\" data-e-type=\"container\">\n\t\t\t\t\t<div class=\"e-con-inner\">\n\t\t<div class=\"elementor-element elementor-element-a57f029 e-con-full e-flex e-con e-child\" data-id=\"a57f029\" data-element_type=\"container\" data-e-type=\"container\">\n\t\t\t\t<div class=\"elementor-element elementor-element-efe3051 elementor-position-top elementor-widget elementor-widget-image-box\" data-id=\"efe3051\" data-element_type=\"widget\" data-e-type=\"widget\" data-widget_type=\"image-box.default\">\n\t\t\t\t<div class=\"elementor-widget-container\">\n\t\t\t\t\t<div class=\"elementor-image-box-wrapper\"><figure class=\"elementor-image-box-img\"><img decoding=\"async\" width=\"512\" height=\"512\" src=\"https:\/\/plantio.neoncloud.com.es\/wp-content\/uploads\/2025\/03\/cooperativo.png\" class=\"attachment-full size-full wp-image-7025\" alt=\"\" srcset=\"https:\/\/plantio.neoncloud.com.es\/wp-content\/uploads\/2025\/03\/cooperativo.png 512w, https:\/\/plantio.neoncloud.com.es\/wp-content\/uploads\/2025\/03\/cooperativo-300x300.png 300w, https:\/\/plantio.neoncloud.com.es\/wp-content\/uploads\/2025\/03\/cooperativo-150x150.png 150w\" sizes=\"(max-width: 512px) 100vw, 512px\" \/><\/figure><div class=\"elementor-image-box-content\"><h3 class=\"elementor-image-box-title\">Cooperative Learning<\/h3><\/div><\/div>\t\t\t\t<\/div>\n\t\t\t\t<\/div>\n\t\t\t\t<\/div>\n\t\t<div class=\"elementor-element elementor-element-81cd15a e-con-full e-flex e-con e-child\" data-id=\"81cd15a\" data-element_type=\"container\" data-e-type=\"container\">\n\t\t\t\t<div class=\"elementor-element elementor-element-f7f8281 elementor-position-top elementor-widget elementor-widget-image-box\" data-id=\"f7f8281\" data-element_type=\"widget\" data-e-type=\"widget\" data-widget_type=\"image-box.default\">\n\t\t\t\t<div class=\"elementor-widget-container\">\n\t\t\t\t\t<div class=\"elementor-image-box-wrapper\"><figure class=\"elementor-image-box-img\"><img decoding=\"async\" width=\"600\" height=\"600\" src=\"https:\/\/plantio.neoncloud.com.es\/wp-content\/uploads\/2025\/10\/erasmus.png\" class=\"attachment-full size-full wp-image-7293\" alt=\"\" srcset=\"https:\/\/plantio.neoncloud.com.es\/wp-content\/uploads\/2025\/10\/erasmus.png 600w, https:\/\/plantio.neoncloud.com.es\/wp-content\/uploads\/2025\/10\/erasmus-300x300.png 300w, https:\/\/plantio.neoncloud.com.es\/wp-content\/uploads\/2025\/10\/erasmus-150x150.png 150w\" sizes=\"(max-width: 600px) 100vw, 600px\" \/><\/figure><div class=\"elementor-image-box-content\"><h3 class=\"elementor-image-box-title\">Projects<br>Europeans<\/h3><\/div><\/div>\t\t\t\t<\/div>\n\t\t\t\t<\/div>\n\t\t\t\t<\/div>\n\t\t<div class=\"elementor-element elementor-element-7aff18b e-con-full e-flex e-con e-child\" data-id=\"7aff18b\" data-element_type=\"container\" data-e-type=\"container\">\n\t\t\t\t<div class=\"elementor-element elementor-element-4ded274 elementor-position-top elementor-widget elementor-widget-image-box\" data-id=\"4ded274\" data-element_type=\"widget\" data-e-type=\"widget\" data-widget_type=\"image-box.default\">\n\t\t\t\t<div class=\"elementor-widget-container\">\n\t\t\t\t\t<div class=\"elementor-image-box-wrapper\"><figure class=\"elementor-image-box-img\"><img loading=\"lazy\" decoding=\"async\" width=\"512\" height=\"512\" src=\"https:\/\/plantio.neoncloud.com.es\/wp-content\/uploads\/2025\/03\/abp.png\" class=\"attachment-full size-full wp-image-7027\" alt=\"\" srcset=\"https:\/\/plantio.neoncloud.com.es\/wp-content\/uploads\/2025\/03\/abp.png 512w, https:\/\/plantio.neoncloud.com.es\/wp-content\/uploads\/2025\/03\/abp-300x300.png 300w, https:\/\/plantio.neoncloud.com.es\/wp-content\/uploads\/2025\/03\/abp-150x150.png 150w\" sizes=\"(max-width: 512px) 100vw, 512px\" \/><\/figure><div class=\"elementor-image-box-content\"><h3 class=\"elementor-image-box-title\">Project-Based Learning<\/h3><\/div><\/div>\t\t\t\t<\/div>\n\t\t\t\t<\/div>\n\t\t\t\t<\/div>\n\t\t<div class=\"elementor-element elementor-element-0c05c3e e-con-full e-flex e-con e-child\" data-id=\"0c05c3e\" data-element_type=\"container\" data-e-type=\"container\">\n\t\t\t\t<div class=\"elementor-element elementor-element-d3f3889 elementor-position-top elementor-widget elementor-widget-image-box\" data-id=\"d3f3889\" data-element_type=\"widget\" data-e-type=\"widget\" data-widget_type=\"image-box.default\">\n\t\t\t\t<div class=\"elementor-widget-container\">\n\t\t\t\t\t<div class=\"elementor-image-box-wrapper\"><figure class=\"elementor-image-box-img\"><img loading=\"lazy\" decoding=\"async\" width=\"512\" height=\"512\" src=\"https:\/\/plantio.neoncloud.com.es\/wp-content\/uploads\/2025\/10\/computer.png\" class=\"attachment-full size-full wp-image-7295\" alt=\"\" srcset=\"https:\/\/plantio.neoncloud.com.es\/wp-content\/uploads\/2025\/10\/computer.png 512w, https:\/\/plantio.neoncloud.com.es\/wp-content\/uploads\/2025\/10\/computer-300x300.png 300w, https:\/\/plantio.neoncloud.com.es\/wp-content\/uploads\/2025\/10\/computer-150x150.png 150w\" sizes=\"(max-width: 512px) 100vw, 512px\" \/><\/figure><div class=\"elementor-image-box-content\"><h3 class=\"elementor-image-box-title\">Digital Tools<\/h3><\/div><\/div>\t\t\t\t<\/div>\n\t\t\t\t<\/div>\n\t\t\t\t<\/div>\n\t\t\t\t\t<\/div>\n\t\t\t\t<\/div>\n\t\t<div class=\"elementor-element elementor-element-9fa7b58 e-flex e-con-boxed e-con e-parent\" data-id=\"9fa7b58\" data-element_type=\"container\" data-e-type=\"container\">\n\t\t\t\t\t<div class=\"e-con-inner\">\n\t\t<div class=\"elementor-element elementor-element-54c7cdb e-con-full e-flex e-con e-child\" data-id=\"54c7cdb\" data-element_type=\"container\" data-e-type=\"container\">\n\t\t\t\t<div class=\"elementor-element elementor-element-baacdd7 elementor-widget elementor-widget-video\" data-id=\"baacdd7\" data-element_type=\"widget\" data-e-type=\"widget\" data-settings=\"{&quot;video_type&quot;:&quot;hosted&quot;,&quot;controls&quot;:&quot;yes&quot;}\" data-widget_type=\"video.default\">\n\t\t\t\t<div class=\"elementor-widget-container\">\n\t\t\t\t\t\t\t<div class=\"e-hosted-video elementor-wrapper elementor-open-inline\">\n\t\t\t\t\t<video class=\"elementor-video\" src=\"https:\/\/plantio.neoncloud.com.es\/wp-content\/uploads\/2025\/10\/secondary-video-isv-el-plantio1.mp4\" controls=\"\" preload=\"metadata\" controlslist=\"nodownload\"><\/video>\n\t\t\t\t<\/div>\n\t\t\t\t\t\t<\/div>\n\t\t\t\t<\/div>\n\t\t\t\t<\/div>\n\t\t<div class=\"elementor-element elementor-element-fafb0e6 e-con-full e-flex e-con e-child\" data-id=\"fafb0e6\" data-element_type=\"container\" data-e-type=\"container\">\n\t\t\t\t<div class=\"elementor-element elementor-element-d68e58c elementor-widget elementor-widget-video\" data-id=\"d68e58c\" data-element_type=\"widget\" data-e-type=\"widget\" data-settings=\"{&quot;video_type&quot;:&quot;hosted&quot;,&quot;controls&quot;:&quot;yes&quot;}\" data-widget_type=\"video.default\">\n\t\t\t\t<div class=\"elementor-widget-container\">\n\t\t\t\t\t\t\t<div class=\"e-hosted-video elementor-wrapper elementor-open-inline\">\n\t\t\t\t\t<video class=\"elementor-video\" src=\"https:\/\/plantio.neoncloud.com.es\/wp-content\/uploads\/2025\/10\/secondary-video-isv-el-plantio2.mp4\" controls=\"\" preload=\"metadata\" controlslist=\"nodownload\"><\/video>\n\t\t\t\t<\/div>\n\t\t\t\t\t\t<\/div>\n\t\t\t\t<\/div>\n\t\t\t\t<\/div>\n\t\t<div class=\"elementor-element elementor-element-ca4a0ac e-con-full e-flex e-con e-child\" data-id=\"ca4a0ac\" data-element_type=\"container\" data-e-type=\"container\">\n\t\t\t\t<div class=\"elementor-element elementor-element-5e03ff5 elementor-widget elementor-widget-video\" data-id=\"5e03ff5\" data-element_type=\"widget\" data-e-type=\"widget\" data-settings=\"{&quot;video_type&quot;:&quot;hosted&quot;,&quot;controls&quot;:&quot;yes&quot;}\" data-widget_type=\"video.default\">\n\t\t\t\t<div class=\"elementor-widget-container\">\n\t\t\t\t\t\t\t<div class=\"e-hosted-video elementor-wrapper elementor-open-inline\">\n\t\t\t\t\t<video class=\"elementor-video\" src=\"https:\/\/plantio.neoncloud.com.es\/wp-content\/uploads\/2025\/10\/secondary-video-isv-el-plantio3.mp4\" controls=\"\" preload=\"metadata\" controlslist=\"nodownload\"><\/video>\n\t\t\t\t<\/div>\n\t\t\t\t\t\t<\/div>\n\t\t\t\t<\/div>\n\t\t\t\t<\/div>\n\t\t<div class=\"elementor-element elementor-element-27eea02 e-con-full e-flex e-con e-child\" data-id=\"27eea02\" data-element_type=\"container\" data-e-type=\"container\">\n\t\t\t\t<div class=\"elementor-element elementor-element-848ea19 elementor-widget elementor-widget-video\" data-id=\"848ea19\" data-element_type=\"widget\" data-e-type=\"widget\" data-settings=\"{&quot;video_type&quot;:&quot;hosted&quot;,&quot;controls&quot;:&quot;yes&quot;}\" data-widget_type=\"video.default\">\n\t\t\t\t<div class=\"elementor-widget-container\">\n\t\t\t\t\t\t\t<div class=\"e-hosted-video elementor-wrapper elementor-open-inline\">\n\t\t\t\t\t<video class=\"elementor-video\" src=\"https:\/\/plantio.neoncloud.com.es\/wp-content\/uploads\/2025\/10\/secondary-video-isv-el-plantio4.mp4\" controls=\"\" preload=\"metadata\" controlslist=\"nodownload\"><\/video>\n\t\t\t\t<\/div>\n\t\t\t\t\t\t<\/div>\n\t\t\t\t<\/div>\n\t\t\t\t<\/div>\n\t\t\t\t\t<\/div>\n\t\t\t\t<\/div>\n\t\t<div class=\"elementor-element elementor-element-c9f0553 e-flex e-con-boxed e-con e-parent\" data-id=\"c9f0553\" data-element_type=\"container\" data-e-type=\"container\">\n\t\t\t\t\t<div class=\"e-con-inner\">\n\t\t\t\t<div class=\"elementor-element elementor-element-86ded5d elementor-widget elementor-widget-spacer\" data-id=\"86ded5d\" data-element_type=\"widget\" data-e-type=\"widget\" data-widget_type=\"spacer.default\">\n\t\t\t\t<div class=\"elementor-widget-container\">\n\t\t\t\t\t\t\t<div class=\"elementor-spacer\">\n\t\t\t<div class=\"elementor-spacer-inner\"><\/div>\n\t\t<\/div>\n\t\t\t\t\t\t<\/div>\n\t\t\t\t<\/div>\n\t\t\t\t\t<\/div>\n\t\t\t\t<\/div>\n\t\t<div class=\"elementor-element elementor-element-d2c6cb2 e-flex e-con-boxed e-con e-parent\" data-id=\"d2c6cb2\" data-element_type=\"container\" data-e-type=\"container\">\n\t\t\t\t\t<div class=\"e-con-inner\">\n\t\t\t\t<div class=\"elementor-element elementor-element-8d054d3 elementor-widget elementor-widget-spacer\" data-id=\"8d054d3\" data-element_type=\"widget\" data-e-type=\"widget\" data-widget_type=\"spacer.default\">\n\t\t\t\t<div class=\"elementor-widget-container\">\n\t\t\t\t\t\t\t<div class=\"elementor-spacer\">\n\t\t\t<div class=\"elementor-spacer-inner\"><\/div>\n\t\t<\/div>\n\t\t\t\t\t\t<\/div>\n\t\t\t\t<\/div>\n\t\t\t\t\t<\/div>\n\t\t\t\t<\/div>\n\t\t\t\t<\/div>","protected":false},"excerpt":{"rendered":"<p>Educaci\u00f3n Secundaria obligatoria en ingl\u00e9s, Secondary Education (Alumnos de 11 a 16 a\u00f1os) La Educaci\u00f3n Secundaria obligatoria en ingl\u00e9s, Secondary Education, acerca a tus hijos d\u00eda a d\u00eda a un sistema educativo que ense\u00f1a de forma pr\u00e1ctica, por lo que se espera de \u00e9l que sea capaz de demostrar, tambi\u00e9n pr\u00e1cticamente, lo que ha aprendido. [&hellip;]<\/p>","protected":false},"author":1,"featured_media":0,"parent":0,"menu_order":0,"comment_status":"closed","ping_status":"closed","template":"","meta":{"site-sidebar-layout":"default","site-content-layout":"","ast-site-content-layout":"default","site-content-style":"default","site-sidebar-style":"default","ast-global-header-display":"","ast-banner-title-visibility":"","ast-main-header-display":"","ast-hfb-above-header-display":"","ast-hfb-below-header-display":"","ast-hfb-mobile-header-display":"","site-post-title":"","ast-breadcrumbs-content":"","ast-featured-img":"","footer-sml-layout":"","theme-transparent-header-meta":"","adv-header-id-meta":"","stick-header-meta":"","header-above-stick-meta":"","header-main-stick-meta":"","header-below-stick-meta":"","astra-migrate-meta-layouts":"default","ast-page-background-enabled":"default","ast-page-background-meta":{"desktop":{"background-color":"","background-image":"","background-repeat":"repeat","background-position":"center center","background-size":"auto","background-attachment":"scroll","background-type":"","background-media":"","overlay-type":"","overlay-color":"","overlay-opacity":"","overlay-gradient":""},"tablet":{"background-color":"","background-image":"","background-repeat":"repeat","background-position":"center center","background-size":"auto","background-attachment":"scroll","background-type":"","background-media":"","overlay-type":"","overlay-color":"","overlay-opacity":"","overlay-gradient":""},"mobile":{"background-color":"","background-image":"","background-repeat":"repeat","background-position":"center center","background-size":"auto","background-attachment":"scroll","background-type":"","background-media":"","overlay-type":"","overlay-color":"","overlay-opacity":"","overlay-gradient":""}},"ast-content-background-meta":{"desktop":{"background-color":"var(--ast-global-color-5)","background-image":"","background-repeat":"repeat","background-position":"center center","background-size":"auto","background-attachment":"scroll","background-type":"","background-media":"","overlay-type":"","overlay-color":"","overlay-opacity":"","overlay-gradient":""},"tablet":{"background-color":"var(--ast-global-color-5)","background-image":"","background-repeat":"repeat","background-position":"center center","background-size":"auto","background-attachment":"scroll","background-type":"","background-media":"","overlay-type":"","overlay-color":"","overlay-opacity":"","overlay-gradient":""},"mobile":{"background-color":"var(--ast-global-color-5)","background-image":"","background-repeat":"repeat","background-position":"center center","background-size":"auto","background-attachment":"scroll","background-type":"","background-media":"","overlay-type":"","overlay-color":"","overlay-opacity":"","overlay-gradient":""}},"footnotes":""},"class_list":["post-7261","page","type-page","status-publish","hentry"],"_links":{"self":[{"href":"https:\/\/plantio.neoncloud.com.es\/en\/wp-json\/wp\/v2\/pages\/7261","targetHints":{"allow":["GET"]}}],"collection":[{"href":"https:\/\/plantio.neoncloud.com.es\/en\/wp-json\/wp\/v2\/pages"}],"about":[{"href":"https:\/\/plantio.neoncloud.com.es\/en\/wp-json\/wp\/v2\/types\/page"}],"author":[{"embeddable":true,"href":"https:\/\/plantio.neoncloud.com.es\/en\/wp-json\/wp\/v2\/users\/1"}],"replies":[{"embeddable":true,"href":"https:\/\/plantio.neoncloud.com.es\/en\/wp-json\/wp\/v2\/comments?post=7261"}],"version-history":[{"count":16,"href":"https:\/\/plantio.neoncloud.com.es\/en\/wp-json\/wp\/v2\/pages\/7261\/revisions"}],"predecessor-version":[{"id":7304,"href":"https:\/\/plantio.neoncloud.com.es\/en\/wp-json\/wp\/v2\/pages\/7261\/revisions\/7304"}],"wp:attachment":[{"href":"https:\/\/plantio.neoncloud.com.es\/en\/wp-json\/wp\/v2\/media?parent=7261"}],"curies":[{"name":"wp","href":"https:\/\/api.w.org\/{rel}","templated":true}]}}