{"id":7263,"date":"2025-10-25T16:59:44","date_gmt":"2025-10-25T14:59:44","guid":{"rendered":"https:\/\/plantio.neoncloud.com.es\/?page_id=7263"},"modified":"2025-10-27T16:47:59","modified_gmt":"2025-10-27T15:47:59","slug":"bachillerato-internacional-2","status":"publish","type":"page","link":"https:\/\/plantio.neoncloud.com.es\/en\/bachillerato-internacional-2\/","title":{"rendered":"International Baccalaureate"},"content":{"rendered":"<div data-elementor-type=\"wp-page\" data-elementor-id=\"7263\" class=\"elementor elementor-7263\" data-elementor-post-type=\"page\">\n\t\t\t\t<div class=\"elementor-element elementor-element-4631e5b e-con-full e-flex e-con e-parent\" data-id=\"4631e5b\" data-element_type=\"container\" data-e-type=\"container\" data-settings=\"{&quot;background_background&quot;:&quot;video&quot;,&quot;background_video_link&quot;:&quot;\\\/wp-content\\\/uploads\\\/2025\\\/10\\\/bach-01.mp4&quot;}\">\n\t\t<div class=\"elementor-background-video-container elementor-hidden-mobile\">\n\t\t\t\t\t\t\t<video class=\"elementor-background-video-hosted\" role=\"presentation\" autoplay muted playsinline loop><\/video>\n\t\t\t\t\t<\/div>\t\t<div class=\"elementor-element elementor-element-f27edcf elementor-widget elementor-widget-heading\" data-id=\"f27edcf\" data-element_type=\"widget\" data-e-type=\"widget\" data-widget_type=\"heading.default\">\n\t\t\t\t<div class=\"elementor-widget-container\">\n\t\t\t\t\t<h2 class=\"elementor-heading-title elementor-size-default\">International Baccalaureate<br>\n(Students aged 16 to 18)<\/h2>\t\t\t\t<\/div>\n\t\t\t\t<\/div>\n\t\t\t\t<\/div>\n\t\t<div class=\"elementor-element elementor-element-2d6bfef4 e-flex e-con-boxed e-con e-parent\" data-id=\"2d6bfef4\" data-element_type=\"container\" data-e-type=\"container\">\n\t\t\t\t\t<div class=\"e-con-inner\">\n\t\t\t\t<div class=\"elementor-element elementor-element-38d7412 elementor-widget elementor-widget-spacer\" data-id=\"38d7412\" data-element_type=\"widget\" data-e-type=\"widget\" data-widget_type=\"spacer.default\">\n\t\t\t\t<div class=\"elementor-widget-container\">\n\t\t\t\t\t\t\t<div class=\"elementor-spacer\">\n\t\t\t<div class=\"elementor-spacer-inner\"><\/div>\n\t\t<\/div>\n\t\t\t\t\t\t<\/div>\n\t\t\t\t<\/div>\n\t\t\t\t<div class=\"elementor-element elementor-element-ab52105 elementor-widget elementor-widget-image\" data-id=\"ab52105\" data-element_type=\"widget\" data-e-type=\"widget\" data-widget_type=\"image.default\">\n\t\t\t\t<div class=\"elementor-widget-container\">\n\t\t\t\t\t\t\t\t\t\t\t\t\t\t\t<img fetchpriority=\"high\" decoding=\"async\" width=\"300\" height=\"300\" src=\"https:\/\/plantio.neoncloud.com.es\/wp-content\/uploads\/2025\/10\/logo-bach-300x300.png\" class=\"attachment-medium size-medium wp-image-7379\" alt=\"\" srcset=\"https:\/\/plantio.neoncloud.com.es\/wp-content\/uploads\/2025\/10\/logo-bach-300x300.png 300w, https:\/\/plantio.neoncloud.com.es\/wp-content\/uploads\/2025\/10\/logo-bach-1024x1024.png 1024w, https:\/\/plantio.neoncloud.com.es\/wp-content\/uploads\/2025\/10\/logo-bach-150x150.png 150w, https:\/\/plantio.neoncloud.com.es\/wp-content\/uploads\/2025\/10\/logo-bach-768x768.png 768w, https:\/\/plantio.neoncloud.com.es\/wp-content\/uploads\/2025\/10\/logo-bach-1536x1536.png 1536w, https:\/\/plantio.neoncloud.com.es\/wp-content\/uploads\/2025\/10\/logo-bach.png 2004w\" sizes=\"(max-width: 300px) 100vw, 300px\" \/>\t\t\t\t\t\t\t\t\t\t\t\t\t\t\t<\/div>\n\t\t\t\t<\/div>\n\t\t\t\t<div class=\"elementor-element elementor-element-bc2531c elementor-widget elementor-widget-text-editor\" data-id=\"bc2531c\" data-element_type=\"widget\" data-e-type=\"widget\" data-widget_type=\"text-editor.default\">\n\t\t\t\t<div class=\"elementor-widget-container\">\n\t\t\t\t\t\t\t\t\t<p>The International Baccalaureate program at El Plant\u00edo International School made us the <strong>first center in the Valencian Community<\/strong> in betting on a prestigious <strong>program recognized by the best universities in the world.<\/strong> This pre-university system not only guarantees a high academic level, but also the training of people who know the society of the world they have to live in and of which they are an active part.<\/p>\t\t\t\t\t\t\t\t<\/div>\n\t\t\t\t<\/div>\n\t\t\t\t<div class=\"elementor-element elementor-element-2f0e1eb elementor-widget elementor-widget-video\" data-id=\"2f0e1eb\" data-element_type=\"widget\" data-e-type=\"widget\" data-settings=\"{&quot;video_type&quot;:&quot;hosted&quot;,&quot;controls&quot;:&quot;yes&quot;}\" data-widget_type=\"video.default\">\n\t\t\t\t<div class=\"elementor-widget-container\">\n\t\t\t\t\t\t\t<div class=\"e-hosted-video elementor-wrapper elementor-open-inline\">\n\t\t\t\t\t<video class=\"elementor-video\" src=\"https:\/\/plantio.neoncloud.com.es\/wp-content\/uploads\/2025\/10\/bachillerato-internacional.mp4\" controls=\"\" preload=\"metadata\" controlslist=\"nodownload\"><\/video>\n\t\t\t\t<\/div>\n\t\t\t\t\t\t<\/div>\n\t\t\t\t<\/div>\n\t\t\t\t<div class=\"elementor-element elementor-element-508fe6b elementor-widget elementor-widget-spacer\" data-id=\"508fe6b\" data-element_type=\"widget\" data-e-type=\"widget\" data-widget_type=\"spacer.default\">\n\t\t\t\t<div class=\"elementor-widget-container\">\n\t\t\t\t\t\t\t<div class=\"elementor-spacer\">\n\t\t\t<div class=\"elementor-spacer-inner\"><\/div>\n\t\t<\/div>\n\t\t\t\t\t\t<\/div>\n\t\t\t\t<\/div>\n\t\t\t\t<div class=\"elementor-element elementor-element-cb2abc8 elementor-widget elementor-widget-text-editor\" data-id=\"cb2abc8\" data-element_type=\"widget\" data-e-type=\"widget\" data-widget_type=\"text-editor.default\">\n\t\t\t\t<div class=\"elementor-widget-container\">\n\t\t\t\t\t\t\t\t\t<p>The success of the students who begin their studies after leaving our classrooms at universities around the world, and the gratitude of those who have already become\u00a0<strong>upright and responsible adults<\/strong>, is our best guarantee of quality.<\/p>\t\t\t\t\t\t\t\t<\/div>\n\t\t\t\t<\/div>\n\t\t\t\t<div class=\"elementor-element elementor-element-711df33 elementor-widget elementor-widget-spacer\" data-id=\"711df33\" data-element_type=\"widget\" data-e-type=\"widget\" data-widget_type=\"spacer.default\">\n\t\t\t\t<div class=\"elementor-widget-container\">\n\t\t\t\t\t\t\t<div class=\"elementor-spacer\">\n\t\t\t<div class=\"elementor-spacer-inner\"><\/div>\n\t\t<\/div>\n\t\t\t\t\t\t<\/div>\n\t\t\t\t<\/div>\n\t\t\t\t<div class=\"elementor-element elementor-element-84f3eaa elementor-widget elementor-widget-gallery\" data-id=\"84f3eaa\" data-element_type=\"widget\" data-e-type=\"widget\" data-settings=\"{&quot;gap&quot;:{&quot;unit&quot;:&quot;px&quot;,&quot;size&quot;:20,&quot;sizes&quot;:[]},&quot;lazyload&quot;:&quot;yes&quot;,&quot;gallery_layout&quot;:&quot;grid&quot;,&quot;columns&quot;:4,&quot;columns_tablet&quot;:2,&quot;columns_mobile&quot;:1,&quot;gap_tablet&quot;:{&quot;unit&quot;:&quot;px&quot;,&quot;size&quot;:10,&quot;sizes&quot;:[]},&quot;gap_mobile&quot;:{&quot;unit&quot;:&quot;px&quot;,&quot;size&quot;:10,&quot;sizes&quot;:[]},&quot;link_to&quot;:&quot;file&quot;,&quot;aspect_ratio&quot;:&quot;3:2&quot;,&quot;overlay_background&quot;:&quot;yes&quot;,&quot;content_hover_animation&quot;:&quot;fade-in&quot;}\" data-widget_type=\"gallery.default\">\n\t\t\t\t<div class=\"elementor-widget-container\">\n\t\t\t\t\t\t\t<div class=\"elementor-gallery__container\">\n\t\t\t\t\t\t\t<a class=\"e-gallery-item elementor-gallery-item elementor-animated-content\" href=\"https:\/\/plantio.neoncloud.com.es\/wp-content\/uploads\/2025\/10\/bachillerato-video-isv-el-plantio2-1-scaled.jpg\" data-elementor-open-lightbox=\"yes\" data-elementor-lightbox-slideshow=\"84f3eaa\" data-elementor-lightbox-title=\"bachillerato video isv el plantio2\" data-e-action-hash=\"#elementor-action%3Aaction%3Dlightbox%26settings%3DeyJpZCI6NzMxNCwidXJsIjoiaHR0cHM6XC9cL3BsYW50aW8ubmVvbmNsb3VkLmNvbS5lc1wvd3AtY29udGVudFwvdXBsb2Fkc1wvMjAyNVwvMTBcL2JhY2hpbGxlcmF0by12aWRlby1pc3YtZWwtcGxhbnRpbzItMS1zY2FsZWQuanBnIiwic2xpZGVzaG93IjoiODRmM2VhYSJ9\">\n\t\t\t\t\t<div class=\"e-gallery-image elementor-gallery-item__image\" data-thumbnail=\"https:\/\/plantio.neoncloud.com.es\/wp-content\/uploads\/2025\/10\/bachillerato-video-isv-el-plantio2-1-300x169.jpg\" data-width=\"300\" data-height=\"169\" aria-label=\"\" role=\"img\" ><\/div>\n\t\t\t\t\t\t\t\t\t\t\t<div class=\"elementor-gallery-item__overlay\"><\/div>\n\t\t\t\t\t\t\t\t\t\t\t\t\t\t<\/a>\n\t\t\t\t\t\t\t<a class=\"e-gallery-item elementor-gallery-item elementor-animated-content\" href=\"https:\/\/plantio.neoncloud.com.es\/wp-content\/uploads\/2025\/10\/bachillerato-video-isv-el-plantio3-1-scaled.jpg\" data-elementor-open-lightbox=\"yes\" data-elementor-lightbox-slideshow=\"84f3eaa\" data-elementor-lightbox-title=\"bachillerato video isv el plantio3\" data-e-action-hash=\"#elementor-action%3Aaction%3Dlightbox%26settings%3DeyJpZCI6NzMxNSwidXJsIjoiaHR0cHM6XC9cL3BsYW50aW8ubmVvbmNsb3VkLmNvbS5lc1wvd3AtY29udGVudFwvdXBsb2Fkc1wvMjAyNVwvMTBcL2JhY2hpbGxlcmF0by12aWRlby1pc3YtZWwtcGxhbnRpbzMtMS1zY2FsZWQuanBnIiwic2xpZGVzaG93IjoiODRmM2VhYSJ9\">\n\t\t\t\t\t<div class=\"e-gallery-image elementor-gallery-item__image\" data-thumbnail=\"https:\/\/plantio.neoncloud.com.es\/wp-content\/uploads\/2025\/10\/bachillerato-video-isv-el-plantio3-1-300x225.jpg\" data-width=\"300\" data-height=\"225\" aria-label=\"\" role=\"img\" ><\/div>\n\t\t\t\t\t\t\t\t\t\t\t<div class=\"elementor-gallery-item__overlay\"><\/div>\n\t\t\t\t\t\t\t\t\t\t\t\t\t\t<\/a>\n\t\t\t\t\t\t\t<a class=\"e-gallery-item elementor-gallery-item elementor-animated-content\" href=\"https:\/\/plantio.neoncloud.com.es\/wp-content\/uploads\/2025\/10\/bachillerato-video-isv-el-plantio4-1-scaled.jpg\" data-elementor-open-lightbox=\"yes\" data-elementor-lightbox-slideshow=\"84f3eaa\" data-elementor-lightbox-title=\"bachillerato video isv el plantio4\" data-e-action-hash=\"#elementor-action%3Aaction%3Dlightbox%26settings%3DeyJpZCI6NzMxNiwidXJsIjoiaHR0cHM6XC9cL3BsYW50aW8ubmVvbmNsb3VkLmNvbS5lc1wvd3AtY29udGVudFwvdXBsb2Fkc1wvMjAyNVwvMTBcL2JhY2hpbGxlcmF0by12aWRlby1pc3YtZWwtcGxhbnRpbzQtMS1zY2FsZWQuanBnIiwic2xpZGVzaG93IjoiODRmM2VhYSJ9\">\n\t\t\t\t\t<div class=\"e-gallery-image elementor-gallery-item__image\" data-thumbnail=\"https:\/\/plantio.neoncloud.com.es\/wp-content\/uploads\/2025\/10\/bachillerato-video-isv-el-plantio4-1-300x225.jpg\" data-width=\"300\" data-height=\"225\" aria-label=\"\" role=\"img\" ><\/div>\n\t\t\t\t\t\t\t\t\t\t\t<div class=\"elementor-gallery-item__overlay\"><\/div>\n\t\t\t\t\t\t\t\t\t\t\t\t\t\t<\/a>\n\t\t\t\t\t\t\t<a class=\"e-gallery-item elementor-gallery-item elementor-animated-content\" href=\"https:\/\/plantio.neoncloud.com.es\/wp-content\/uploads\/2025\/10\/bachillerato-video-isv-el-plantio1.jpg\" data-elementor-open-lightbox=\"yes\" data-elementor-lightbox-slideshow=\"84f3eaa\" data-elementor-lightbox-title=\"bachillerato video isv el plantio1\" data-e-action-hash=\"#elementor-action%3Aaction%3Dlightbox%26settings%3DeyJpZCI6NzMxMCwidXJsIjoiaHR0cHM6XC9cL3BsYW50aW8ubmVvbmNsb3VkLmNvbS5lc1wvd3AtY29udGVudFwvdXBsb2Fkc1wvMjAyNVwvMTBcL2JhY2hpbGxlcmF0by12aWRlby1pc3YtZWwtcGxhbnRpbzEuanBnIiwic2xpZGVzaG93IjoiODRmM2VhYSJ9\">\n\t\t\t\t\t<div class=\"e-gallery-image elementor-gallery-item__image\" data-thumbnail=\"https:\/\/plantio.neoncloud.com.es\/wp-content\/uploads\/2025\/10\/bachillerato-video-isv-el-plantio1.jpg\" data-width=\"1\" data-height=\"1\" aria-label=\"\" role=\"img\" ><\/div>\n\t\t\t\t\t\t\t\t\t\t\t<div class=\"elementor-gallery-item__overlay\"><\/div>\n\t\t\t\t\t\t\t\t\t\t\t\t\t\t<\/a>\n\t\t\t\t\t<\/div>\n\t\t\t\t\t<\/div>\n\t\t\t\t<\/div>\n\t\t\t\t<div class=\"elementor-element elementor-element-f92e91c elementor-widget elementor-widget-spacer\" data-id=\"f92e91c\" data-element_type=\"widget\" data-e-type=\"widget\" data-widget_type=\"spacer.default\">\n\t\t\t\t<div class=\"elementor-widget-container\">\n\t\t\t\t\t\t\t<div class=\"elementor-spacer\">\n\t\t\t<div class=\"elementor-spacer-inner\"><\/div>\n\t\t<\/div>\n\t\t\t\t\t\t<\/div>\n\t\t\t\t<\/div>\n\t\t\t\t\t<\/div>\n\t\t\t\t<\/div>\n\t\t\t\t<\/div>","protected":false},"excerpt":{"rendered":"<p>Bachillerato Internacional, International Baccalaureate (Alumnos de 16 a 18 a\u00f1os) El Bachillerato Internacional, International Baccalaureate, de El Plant\u00edo International School nos convirti\u00f3 en el primer centro de la Comunidad Valenciana en apostar por un prestigioso programa reconocido por las mejores universidades del mundo. Este sistema preuniversitario no s\u00f3lo garantiza un alto nivel acad\u00e9mico, tambi\u00e9n la [&hellip;]<\/p>","protected":false},"author":1,"featured_media":0,"parent":0,"menu_order":0,"comment_status":"closed","ping_status":"closed","template":"","meta":{"site-sidebar-layout":"default","site-content-layout":"","ast-site-content-layout":"default","site-content-style":"default","site-sidebar-style":"default","ast-global-header-display":"","ast-banner-title-visibility":"","ast-main-header-display":"","ast-hfb-above-header-display":"","ast-hfb-below-header-display":"","ast-hfb-mobile-header-display":"","site-post-title":"","ast-breadcrumbs-content":"","ast-featured-img":"","footer-sml-layout":"","theme-transparent-header-meta":"","adv-header-id-meta":"","stick-header-meta":"","header-above-stick-meta":"","header-main-stick-meta":"","header-below-stick-meta":"","astra-migrate-meta-layouts":"default","ast-page-background-enabled":"default","ast-page-background-meta":{"desktop":{"background-color":"","background-image":"","background-repeat":"repeat","background-position":"center center","background-size":"auto","background-attachment":"scroll","background-type":"","background-media":"","overlay-type":"","overlay-color":"","overlay-opacity":"","overlay-gradient":""},"tablet":{"background-color":"","background-image":"","background-repeat":"repeat","background-position":"center center","background-size":"auto","background-attachment":"scroll","background-type":"","background-media":"","overlay-type":"","overlay-color":"","overlay-opacity":"","overlay-gradient":""},"mobile":{"background-color":"","background-image":"","background-repeat":"repeat","background-position":"center center","background-size":"auto","background-attachment":"scroll","background-type":"","background-media":"","overlay-type":"","overlay-color":"","overlay-opacity":"","overlay-gradient":""}},"ast-content-background-meta":{"desktop":{"background-color":"var(--ast-global-color-5)","background-image":"","background-repeat":"repeat","background-position":"center center","background-size":"auto","background-attachment":"scroll","background-type":"","background-media":"","overlay-type":"","overlay-color":"","overlay-opacity":"","overlay-gradient":""},"tablet":{"background-color":"var(--ast-global-color-5)","background-image":"","background-repeat":"repeat","background-position":"center center","background-size":"auto","background-attachment":"scroll","background-type":"","background-media":"","overlay-type":"","overlay-color":"","overlay-opacity":"","overlay-gradient":""},"mobile":{"background-color":"var(--ast-global-color-5)","background-image":"","background-repeat":"repeat","background-position":"center center","background-size":"auto","background-attachment":"scroll","background-type":"","background-media":"","overlay-type":"","overlay-color":"","overlay-opacity":"","overlay-gradient":""}},"footnotes":""},"class_list":["post-7263","page","type-page","status-publish","hentry"],"_links":{"self":[{"href":"https:\/\/plantio.neoncloud.com.es\/en\/wp-json\/wp\/v2\/pages\/7263","targetHints":{"allow":["GET"]}}],"collection":[{"href":"https:\/\/plantio.neoncloud.com.es\/en\/wp-json\/wp\/v2\/pages"}],"about":[{"href":"https:\/\/plantio.neoncloud.com.es\/en\/wp-json\/wp\/v2\/types\/page"}],"author":[{"embeddable":true,"href":"https:\/\/plantio.neoncloud.com.es\/en\/wp-json\/wp\/v2\/users\/1"}],"replies":[{"embeddable":true,"href":"https:\/\/plantio.neoncloud.com.es\/en\/wp-json\/wp\/v2\/comments?post=7263"}],"version-history":[{"count":22,"href":"https:\/\/plantio.neoncloud.com.es\/en\/wp-json\/wp\/v2\/pages\/7263\/revisions"}],"predecessor-version":[{"id":7382,"href":"https:\/\/plantio.neoncloud.com.es\/en\/wp-json\/wp\/v2\/pages\/7263\/revisions\/7382"}],"wp:attachment":[{"href":"https:\/\/plantio.neoncloud.com.es\/en\/wp-json\/wp\/v2\/media?parent=7263"}],"curies":[{"name":"wp","href":"https:\/\/api.w.org\/{rel}","templated":true}]}}